{"id":1146,"date":"2017-11-27T10:26:12","date_gmt":"2017-11-27T10:26:12","guid":{"rendered":"https:\/\/www.lachtalhaus.eu\/?page_id=1146"},"modified":"2018-12-13T16:48:15","modified_gmt":"2018-12-13T16:48:15","slug":"kulinarisches","status":"publish","type":"page","link":"https:\/\/www.lachtalhaus.eu\/index.php\/kulinarisches\/?lang=hu","title":{"rendered":"\u00c9teleink"},"content":{"rendered":"<p>[et_pb_section bb_built=&#8220;1&#8243; _builder_version=&#8220;3.0.86&#8243; custom_padding=&#8220;50px||20px|&#8220; module_class=&#8220;section-with-header&#8220; next_background_color=&#8220;#000000&#8243;][et_pb_row _builder_version=&#8220;3.0.86&#8243; custom_padding=&#8220;0px|||&#8220;][et_pb_column type=&#8220;4_4&#8243;][et_pb_text admin_label=&#8220;Text &#8211; Kulinarisches&#8220; _builder_version=&#8220;3.0.89&#8243; background_layout=&#8220;light&#8220; header_2_font=&#8220;Mukta|700|||||||&#8220; header_2_text_align=&#8220;left&#8220; header_2_font_size=&#8220;18px&#8220; header_2_text_color=&#8220;#c1271b&#8220; header_2_letter_spacing=&#8220;1px&#8220; header_2_line_height=&#8220;1.5em&#8220; text_line_height=&#8220;1em&#8220; saved_tabs=&#8220;all&#8220; header_font=&#8220;Mukta|||on|||||&#8220; header_text_align=&#8220;center&#8220; header_text_color=&#8220;#c1271b&#8220; header_letter_spacing=&#8220;1px&#8220; header_line_height=&#8220;1.2em&#8220; text_font=&#8220;Mukta||||||||&#8220; custom_margin=&#8220;20px||20px|&#8220;]<\/p>\n<h1>\u00c9teleink<\/h1>\n<p>[\/et_pb_text][et_pb_text admin_label=&#8220;Text &#8211; Kulinarisches&#8220; _builder_version=&#8220;3.18.6&#8243; header_2_font=&#8220;Mukta|700|||||||&#8220; header_2_text_align=&#8220;left&#8220; header_2_font_size=&#8220;18px&#8220; header_2_text_color=&#8220;#c1271b&#8220; header_2_letter_spacing=&#8220;1px&#8220; header_2_line_height=&#8220;1.5em&#8220; text_line_height=&#8220;2em&#8220; saved_tabs=&#8220;all&#8220; header_font=&#8220;Mukta|||on|||||&#8220; header_text_align=&#8220;center&#8220; header_text_color=&#8220;#c1271b&#8220; header_letter_spacing=&#8220;1px&#8220; text_font_size=&#8220;16px&#8220; header_line_height=&#8220;1.2em&#8220; text_font=&#8220;Mukta||||||||&#8220; custom_margin=&#8220;||20px|&#8220;]<\/p>\n<p>K\u00e9nyeztess\u00e9k magukat a\u00b4la carte \u00e9tterm\u00fcnkben k\u00fcl\u00f6nb\u00f6z\u0151 \u00e9teleinkkel, otthonos k\u00f6rnyezetben \u00e9s \u00e9lvezz\u00e9k vend\u00e9gszeretet\u00fcnket. <br \/>Sz\u00e1munkra az els\u0151 \u00e9s legfontosabb az \u00e9lelmiszerek min\u0151s\u00e9ge, \u00e9ppen ez\u00e9rt frissen f\u0151z\u00fcnk a lehet\u0151 legterm\u00e9szetesebb \u00e9s legeg\u00e9szs\u00e9gesebb hozz\u00e1val\u00f3kb\u00f3l. K\u00e9r\u00e9sre sz\u00edvesen szolg\u00e1lunk fel glut\u00e9n- ill. lakt\u00f3zmentes \u00e9teleket is. <br \/>A f\u00e9lpanzi\u00f3s aj\u00e1nlat mag\u00e1ban foglalja a 4 fog\u00e1sos men\u00fct, h\u00e1rom \u00e9tel kiv\u00e1laszt\u00e1s\u00e1t \u00e9s a sal\u00e1tab\u00e1rt.<\/p>\n<p>Kiad\u00f3s reggeli b\u00fcf\u00e9nk gondoskodik a s\u00edel\u00e9sre sz\u00e1nt nap sikeres \u00e9s energiad\u00fas kezdet\u00e9r\u0151l. Hagyom\u00e1nyos otthoni recept alapj\u00e1n el\u0151\u00e1ll\u00edtott \u00ednyencs\u00e9geink, mint p\u00e9ld\u00e1ul a szalonna, kolb\u00e1sz, lekv\u00e1rok \u00e9s szirupok bizony\u00edtj\u00e1k az \u00e9telek ir\u00e1nti szenved\u00e9ly\u00fcnket \u00e9s egy k\u00fcl\u00f6nleges \u00edz\u00e9lm\u00e9nyt biztos\u00edtanak. \u00cdgy m\u00e1r semmi sem \u00e1llhat a s\u00edel\u00e9s \u00fatj\u00e1ba.<\/p>\n<p>[\/et_pb_text][\/et_pb_column][\/et_pb_row][\/et_pb_section][et_pb_section bb_built=&#8220;1&#8243; fullwidth=&#8220;off&#8220; specialty=&#8220;off&#8220; _builder_version=&#8220;3.0.85&#8243; custom_padding=&#8220;20px||20px|&#8220; prev_background_color=&#8220;#000000&#8243;][et_pb_row _builder_version=&#8220;3.0.85&#8243; custom_padding=&#8220;0px|||&#8220;][et_pb_column type=&#8220;4_4&#8243;][et_pb_gallery _builder_version=&#8220;3.0.106&#8243; show_title_and_caption=&#8220;off&#8220; show_pagination=&#8220;off&#8220; gallery_ids=&#8220;2242,2238,2234,2230,2226,2222,2218,2214,2208,2188,2192,2196,2200,2204,2184,2180,2176,2172,2168,2164,1900,1480&#8243; fullwidth=&#8220;off&#8220; orientation=&#8220;landscape&#8220; zoom_icon_color=&#8220;#c1271b&#8220; hover_overlay_color=&#8220;rgba(255,255,255,0.9)&#8220; background_layout=&#8220;light&#8220; pagination_font_size_tablet=&#8220;51&#8243; pagination_line_height_tablet=&#8220;2&#8243; custom_css_gallery_item=&#8220;margin: 0 !important;||padding: 0 calc((50% &#8211; 450px)\/2) 80px calc((50% &#8211; 450px)\/2);||width: 50% !important;||clear: none !important;&#8220; posts_number=&#8220;20&#8243; \/][\/et_pb_column][\/et_pb_row][\/et_pb_section]<\/p>\n","protected":false},"excerpt":{"rendered":"<p>\u00c9teleink K\u00e9nyeztess\u00e9k magukat a\u00b4la carte \u00e9tterm\u00fcnkben k\u00fcl\u00f6nb\u00f6z\u0151 \u00e9teleinkkel, otthonos k\u00f6rnyezetben \u00e9s \u00e9lvezz\u00e9k vend\u00e9gszeretet\u00fcnket. Sz\u00e1munkra az els\u0151 \u00e9s legfontosabb az \u00e9lelmiszerek min\u0151s\u00e9ge, \u00e9ppen ez\u00e9rt frissen f\u0151z\u00fcnk a lehet\u0151 legterm\u00e9szetesebb \u00e9s legeg\u00e9szs\u00e9gesebb [&hellip;]<\/p>\n","protected":false},"author":2,"featured_media":0,"parent":0,"menu_order":0,"comment_status":"closed","ping_status":"closed","template":"","meta":{"_et_pb_use_builder":"on","_et_pb_old_content":"","_et_gb_content_width":"","footnotes":""},"class_list":["post-1146","page","type-page","status-publish","hentry"],"aioseo_notices":[],"_links":{"self":[{"href":"https:\/\/www.lachtalhaus.eu\/index.php\/wp-json\/wp\/v2\/pages\/1146","targetHints":{"allow":["GET"]}}],"collection":[{"href":"https:\/\/www.lachtalhaus.eu\/index.php\/wp-json\/wp\/v2\/pages"}],"about":[{"href":"https:\/\/www.lachtalhaus.eu\/index.php\/wp-json\/wp\/v2\/types\/page"}],"author":[{"embeddable":true,"href":"https:\/\/www.lachtalhaus.eu\/index.php\/wp-json\/wp\/v2\/users\/2"}],"replies":[{"embeddable":true,"href":"https:\/\/www.lachtalhaus.eu\/index.php\/wp-json\/wp\/v2\/comments?post=1146"}],"version-history":[{"count":0,"href":"https:\/\/www.lachtalhaus.eu\/index.php\/wp-json\/wp\/v2\/pages\/1146\/revisions"}],"wp:attachment":[{"href":"https:\/\/www.lachtalhaus.eu\/index.php\/wp-json\/wp\/v2\/media?parent=1146"}],"curies":[{"name":"wp","href":"https:\/\/api.w.org\/{rel}","templated":true}]}}