{"id":1150,"date":"2017-11-27T10:29:53","date_gmt":"2017-11-27T10:29:53","guid":{"rendered":"https:\/\/www.lachtalhaus.eu\/?page_id=1150"},"modified":"2018-08-10T13:20:14","modified_gmt":"2018-08-10T13:20:14","slug":"kulinarisches","status":"publish","type":"page","link":"https:\/\/www.lachtalhaus.eu\/index.php\/kulinarisches\/?lang=sl","title":{"rendered":"Kulinarika"},"content":{"rendered":"<p>[et_pb_section bb_built=&#8220;1&#8243; _builder_version=&#8220;3.0.86&#8243; custom_padding=&#8220;50px||20px|&#8220; module_class=&#8220;section-with-header&#8220; next_background_color=&#8220;#000000&#8243;][et_pb_row _builder_version=&#8220;3.0.86&#8243; custom_padding=&#8220;0px|||&#8220;][et_pb_column type=&#8220;4_4&#8243;][et_pb_text admin_label=&#8220;Text &#8211; Kulinarisches&#8220; _builder_version=&#8220;3.0.89&#8243; background_layout=&#8220;light&#8220; header_2_font=&#8220;Mukta|700|||||||&#8220; header_2_text_align=&#8220;left&#8220; header_2_font_size=&#8220;18px&#8220; header_2_text_color=&#8220;#c1271b&#8220; header_2_letter_spacing=&#8220;1px&#8220; header_2_line_height=&#8220;1.5em&#8220; text_line_height=&#8220;1em&#8220; saved_tabs=&#8220;all&#8220; header_font=&#8220;Mukta|||on|||||&#8220; header_text_align=&#8220;center&#8220; header_text_color=&#8220;#c1271b&#8220; header_letter_spacing=&#8220;1px&#8220; header_line_height=&#8220;1.2em&#8220; text_font=&#8220;Mukta||||||||&#8220; custom_margin=&#8220;20px||20px|&#8220;]<\/p>\n<h1>Na\u0161e jedi<\/h1>\n<p>[\/et_pb_text][et_pb_text admin_label=&#8220;Text &#8211; Kulinarisches&#8220; _builder_version=&#8220;3.0.89&#8243; background_layout=&#8220;light&#8220; header_2_font=&#8220;Mukta|700|||||||&#8220; header_2_text_align=&#8220;left&#8220; header_2_font_size=&#8220;18px&#8220; header_2_text_color=&#8220;#c1271b&#8220; header_2_letter_spacing=&#8220;1px&#8220; header_2_line_height=&#8220;1.5em&#8220; text_line_height=&#8220;2em&#8220; saved_tabs=&#8220;all&#8220; header_font=&#8220;Mukta|||on|||||&#8220; header_text_align=&#8220;center&#8220; header_text_color=&#8220;#c1271b&#8220; header_letter_spacing=&#8220;1px&#8220; text_font_size=&#8220;16px&#8220; header_line_height=&#8220;1.2em&#8220; text_font=&#8220;Mukta||||||||&#8220; custom_margin=&#8220;||20px|&#8220;]<\/p>\n<p>Privo\u0161\u010dite si na\u0161o a la carte restavracijo z razli\u010dnimi jedmi v prijetnem okolju in u\u017eivajte na\u0161o gostoljubnost. Kakovost hrane je za nas prva in najpomembnej\u0161a. Sve\u017ee kuhamo iz najbolj naravnih in najbolj zdravih sestavin. Na zahtevo, z veseljem pripravljamo tudi jedi brez glutena oz. laktoze. Ponudba polpenziona vklju\u010duje meni s 4 jedmi, tri izbire hrane in \u0161e solato.<\/p>\n<p>Na\u0161 samopostre\u017eni zajtrk zagotavlja uspe\u0161en in energijski za\u010detek smu\u010darskega dneva. Na\u0161i tradicionalni jedi po doma\u010dih receptih, kot so slanina, klobase, d\u017eemi in sirupi, dokazujejo na\u0161o strast do hrane in posebno okusno do\u017eivetje.<\/p>\n<p>Vro\u010da kuhinja je odprta med smu\u010darsko sezono vsak dan od 11.00 do 20.00.<\/p>\n<p>[\/et_pb_text][\/et_pb_column][\/et_pb_row][\/et_pb_section][et_pb_section bb_built=&#8220;1&#8243; fullwidth=&#8220;off&#8220; specialty=&#8220;off&#8220; _builder_version=&#8220;3.0.85&#8243; custom_padding=&#8220;20px||20px|&#8220; prev_background_color=&#8220;#000000&#8243;][et_pb_row _builder_version=&#8220;3.0.85&#8243; custom_padding=&#8220;0px|||&#8220;][et_pb_column type=&#8220;4_4&#8243;][et_pb_gallery _builder_version=&#8220;3.0.106&#8243; show_title_and_caption=&#8220;off&#8220; show_pagination=&#8220;off&#8220; gallery_ids=&#8220;2243,2239,2235,2231,2227,2223,2215,2209,2205,2201,2197,2193,2189,2165,2169,2173,2177,2181,2185,1901,1884&#8243; fullwidth=&#8220;off&#8220; orientation=&#8220;landscape&#8220; zoom_icon_color=&#8220;#c1271b&#8220; hover_overlay_color=&#8220;rgba(255,255,255,0.9)&#8220; background_layout=&#8220;light&#8220; pagination_font_size_tablet=&#8220;51&#8243; pagination_line_height_tablet=&#8220;2&#8243; custom_css_gallery_item=&#8220;margin: 0 !important;||padding: 0 calc((50% &#8211; 450px)\/2) 80px calc((50% &#8211; 450px)\/2);||width: 50% !important;||clear: none !important;&#8220; posts_number=&#8220;20&#8243; \/][\/et_pb_column][\/et_pb_row][\/et_pb_section]<\/p>\n","protected":false},"excerpt":{"rendered":"<p>Na\u0161e jedi Privo\u0161\u010dite si na\u0161o a la carte restavracijo z razli\u010dnimi jedmi v prijetnem okolju in u\u017eivajte na\u0161o gostoljubnost. Kakovost hrane je za nas prva in najpomembnej\u0161a. Sve\u017ee kuhamo iz [&hellip;]<\/p>\n","protected":false},"author":2,"featured_media":0,"parent":0,"menu_order":0,"comment_status":"closed","ping_status":"closed","template":"","meta":{"_et_pb_use_builder":"on","_et_pb_old_content":"","_et_gb_content_width":"","footnotes":""},"class_list":["post-1150","page","type-page","status-publish","hentry"],"aioseo_notices":[],"_links":{"self":[{"href":"https:\/\/www.lachtalhaus.eu\/index.php\/wp-json\/wp\/v2\/pages\/1150","targetHints":{"allow":["GET"]}}],"collection":[{"href":"https:\/\/www.lachtalhaus.eu\/index.php\/wp-json\/wp\/v2\/pages"}],"about":[{"href":"https:\/\/www.lachtalhaus.eu\/index.php\/wp-json\/wp\/v2\/types\/page"}],"author":[{"embeddable":true,"href":"https:\/\/www.lachtalhaus.eu\/index.php\/wp-json\/wp\/v2\/users\/2"}],"replies":[{"embeddable":true,"href":"https:\/\/www.lachtalhaus.eu\/index.php\/wp-json\/wp\/v2\/comments?post=1150"}],"version-history":[{"count":0,"href":"https:\/\/www.lachtalhaus.eu\/index.php\/wp-json\/wp\/v2\/pages\/1150\/revisions"}],"wp:attachment":[{"href":"https:\/\/www.lachtalhaus.eu\/index.php\/wp-json\/wp\/v2\/media?parent=1150"}],"curies":[{"name":"wp","href":"https:\/\/api.w.org\/{rel}","templated":true}]}}