{"id":1153,"date":"2017-11-27T10:38:59","date_gmt":"2017-11-27T10:38:59","guid":{"rendered":"https:\/\/www.lachtalhaus.eu\/?page_id=1153"},"modified":"2017-11-27T10:40:07","modified_gmt":"2017-11-27T10:40:07","slug":"lachtal-im-winter","status":"publish","type":"page","link":"https:\/\/www.lachtalhaus.eu\/index.php\/lachtal-im-winter\/?lang=hu","title":{"rendered":"Lachtal t\u00e9len"},"content":{"rendered":"<p>[et_pb_section bb_built=&#8220;1&#8243; _builder_version=&#8220;3.0.86&#8243; custom_padding=&#8220;50px||20px|&#8220; module_class=&#8220;section-with-header&#8220;][et_pb_row _builder_version=&#8220;3.0.86&#8243; custom_padding=&#8220;0px||5px|&#8220;][et_pb_column type=&#8220;4_4&#8243;][et_pb_text admin_label=&#8220;\u00dcberschrift %22Lachtal im Winter%22&#8243; _builder_version=&#8220;3.0.89&#8243; background_layout=&#8220;light&#8220; header_font=&#8220;Mukta|||on|||||&#8220; header_text_align=&#8220;center&#8220; header_text_color=&#8220;#c1271b&#8220; header_letter_spacing=&#8220;1px&#8220; saved_tabs=&#8220;all&#8220; header_line_height=&#8220;1.2em&#8220; custom_padding=&#8220;||30px|&#8220;]<\/p>\n<h1 style=\"text-align: center;\">Lachtal t\u00e9len<\/h1>\n<p>[\/et_pb_text][\/et_pb_column][\/et_pb_row][et_pb_row _builder_version=&#8220;3.0.86&#8243; custom_padding=&#8220;5px|||&#8220;][et_pb_column type=&#8220;1_2&#8243;][et_pb_image _builder_version=&#8220;3.0.86&#8243; src=&#8220;https:\/\/www.lachtalhaus.eu\/wp-content\/uploads\/2017\/11\/lachtal01.jpg&#8220; show_in_lightbox=&#8220;off&#8220; url_new_window=&#8220;off&#8220; use_overlay=&#8220;off&#8220; always_center_on_mobile=&#8220;on&#8220; force_fullwidth=&#8220;off&#8220; show_bottom_space=&#8220;on&#8220; \/][et_pb_text _builder_version=&#8220;3.0.89&#8243; background_layout=&#8220;light&#8220; text_font=&#8220;Mukta||||||||&#8220; text_font_size=&#8220;16px&#8220; text_line_height=&#8220;2em&#8220;]<\/p>\n<p><strong>S\u00edoktat\u00e1s, S\u00ed- \u00e9s t\u00faras\u00ed eszk\u00f6z\u00f6k b\u00e9rl\u00e9se:<\/strong> <a href=\"http:\/\/www.lachtal.at\/services\/skiverleih-service.html\" target=\"_blank\" rel=\"noopener\">www.lachtal.at<\/a><\/p>\n<ul>\n<li>Sz\u00e1nk\u00f3p\u00e1lya<\/li>\n<li>Korcsolyap\u00e1lya<\/li>\n<li>S\u00edkunyh\u00f3k<\/li>\n<li>T\u00e9li t\u00fara\u00fatvonalak<\/li>\n<li>Stb.<\/li>\n<\/ul>\n<p>A sz\u00e9les p\u00e1ly\u00e1k, v\u00e9gtelen h\u00f3mez\u0151k, napos, h\u00f3biztos d\u00e9li lejt\u0151k \u00e9s a jellegzetes kunyh\u00f3k felejthetetlenn\u00e9 teszik a t\u00e9li kir\u00e1ndul\u00e1st. Lachtal egy ide\u00e1lis hely csal\u00e1dok, csoportok, kezd\u0151k \u00e9s halad\u00f3k sz\u00e1m\u00e1ra!<\/p>\n<p><strong>\u00a0<\/strong><\/p>\n<p>[\/et_pb_text][\/et_pb_column][et_pb_column type=&#8220;1_2&#8243;][et_pb_text _builder_version=&#8220;3.0.89&#8243; background_layout=&#8220;light&#8220; text_font=&#8220;Mukta||||||||&#8220; text_font_size=&#8220;16px&#8220; text_line_height=&#8220;2em&#8220; header_2_font=&#8220;Mukta||||||||&#8220; header_2_font_size=&#8220;16px&#8220; header_2_text_color=&#8220;#e02b20&#8243;]<\/p>\n<p>Lachtal Steiermark egyik legszebb csal\u00e1di paradicsoma fiatalok \u00e9s id\u0151sek sz\u00e1m\u00e1ra. Messze a rohan\u00f3 h\u00e9tk\u00f6znapokt\u00f3l, stresszt\u0151l \u00e9s t\u00f6meges turizmust\u00f3l t\u00f6lthet el egy pihentet\u0151 napot a s\u00edp\u00e1ly\u00e1n:<\/p>\n<ul>\n<li>150 ha ter\u00fclet<\/li>\n<li>41 km lejt\u0151<\/li>\n<li>9 felvon\u00f3<\/li>\n<li>2 modern, 6 szem\u00e9lyes libeg\u0151 id\u0151j\u00e1r\u00e1s elleni v\u00e9delemmel<\/li>\n<li>Sz\u00e9lv\u00e9dett p\u00e1ly\u00e1k a k\u00f6zep\u00e9ig<\/li>\n<li>\u00c9rint\u00e9smentes hozz\u00e1f\u00e9r\u00e9si rendszer<\/li>\n<li>A leg\u00fajabb h\u00f3\u00e1gy\u00fak a h\u00f3biztons\u00e1g\u00e9rt<\/li>\n<\/ul>\n<p>A gyermekek sz\u00e1m\u00e1ra l\u00e9trehozott ter\u00fclet Lachtalban a legkisebbek sz\u00e1m\u00e1ra, v\u00e9dett \u00e9s biztons\u00e1gos. Var\u00e1zssz\u0151nyeggel \u00e9s k\u00f6t\u00e9llifttel a kezd\u0151k sz\u00e1m\u00e1ra. Akad m\u00e9g miniszlalom, hull\u00e1mvas\u00fat \u00e9s sok m\u00e1s lehet\u0151s\u00e9g. A gyerekek 6 \u00e9ves korig sz\u00fcl\u0151i fel\u00fcgyelettel haszn\u00e1lhatj\u00e1k ingyenesen!<\/p>\n<p>[\/et_pb_text][et_pb_image admin_label=&#8220;Bild &#8211; Karte&#8220; _builder_version=&#8220;3.0.86&#8243; src=&#8220;https:\/\/www.lachtalhaus.eu\/wp-content\/uploads\/2017\/11\/lachtal02.jpg&#8220; show_in_lightbox=&#8220;on&#8220; url_new_window=&#8220;off&#8220; use_overlay=&#8220;off&#8220; always_center_on_mobile=&#8220;on&#8220; force_fullwidth=&#8220;off&#8220; show_bottom_space=&#8220;on&#8220; \/][\/et_pb_column][\/et_pb_row][\/et_pb_section]<\/p>\n","protected":false},"excerpt":{"rendered":"<p>Lachtal t\u00e9len S\u00edoktat\u00e1s, S\u00ed- \u00e9s t\u00faras\u00ed eszk\u00f6z\u00f6k b\u00e9rl\u00e9se: www.lachtal.at Sz\u00e1nk\u00f3p\u00e1lya Korcsolyap\u00e1lya S\u00edkunyh\u00f3k T\u00e9li t\u00fara\u00fatvonalak Stb. A sz\u00e9les p\u00e1ly\u00e1k, v\u00e9gtelen h\u00f3mez\u0151k, napos, h\u00f3biztos d\u00e9li lejt\u0151k \u00e9s a jellegzetes kunyh\u00f3k felejthetetlenn\u00e9 teszik [&hellip;]<\/p>\n","protected":false},"author":2,"featured_media":0,"parent":0,"menu_order":0,"comment_status":"closed","ping_status":"closed","template":"","meta":{"_et_pb_use_builder":"on","_et_pb_old_content":"","_et_gb_content_width":"","footnotes":""},"class_list":["post-1153","page","type-page","status-publish","hentry"],"aioseo_notices":[],"_links":{"self":[{"href":"https:\/\/www.lachtalhaus.eu\/index.php\/wp-json\/wp\/v2\/pages\/1153","targetHints":{"allow":["GET"]}}],"collection":[{"href":"https:\/\/www.lachtalhaus.eu\/index.php\/wp-json\/wp\/v2\/pages"}],"about":[{"href":"https:\/\/www.lachtalhaus.eu\/index.php\/wp-json\/wp\/v2\/types\/page"}],"author":[{"embeddable":true,"href":"https:\/\/www.lachtalhaus.eu\/index.php\/wp-json\/wp\/v2\/users\/2"}],"replies":[{"embeddable":true,"href":"https:\/\/www.lachtalhaus.eu\/index.php\/wp-json\/wp\/v2\/comments?post=1153"}],"version-history":[{"count":0,"href":"https:\/\/www.lachtalhaus.eu\/index.php\/wp-json\/wp\/v2\/pages\/1153\/revisions"}],"wp:attachment":[{"href":"https:\/\/www.lachtalhaus.eu\/index.php\/wp-json\/wp\/v2\/media?parent=1153"}],"curies":[{"name":"wp","href":"https:\/\/api.w.org\/{rel}","templated":true}]}}