{"id":1157,"date":"2017-11-27T10:48:58","date_gmt":"2017-11-27T10:48:58","guid":{"rendered":"https:\/\/www.lachtalhaus.eu\/?page_id=1157"},"modified":"2017-11-27T11:27:05","modified_gmt":"2017-11-27T11:27:05","slug":"lachtal-pozimi","status":"publish","type":"page","link":"https:\/\/www.lachtalhaus.eu\/index.php\/lachtal-pozimi\/?lang=sl","title":{"rendered":"Lachtal pozimi"},"content":{"rendered":"<p>[et_pb_section bb_built=&#8220;1&#8243; _builder_version=&#8220;3.0.86&#8243; custom_padding=&#8220;50px||20px|&#8220; module_class=&#8220;section-with-header&#8220;][et_pb_row _builder_version=&#8220;3.0.86&#8243; custom_padding=&#8220;0px||5px|&#8220;][et_pb_column type=&#8220;4_4&#8243;][et_pb_text admin_label=&#8220;\u00dcberschrift %22Lachtal im Winter%22&#8243; _builder_version=&#8220;3.0.89&#8243; background_layout=&#8220;light&#8220; header_font=&#8220;Mukta|||on|||||&#8220; header_text_align=&#8220;center&#8220; header_text_color=&#8220;#c1271b&#8220; header_letter_spacing=&#8220;1px&#8220; saved_tabs=&#8220;all&#8220; header_line_height=&#8220;1.2em&#8220; custom_padding=&#8220;||30px|&#8220;]<\/p>\n<h1 style=\"text-align: center;\">Lachtal pozimi<\/h1>\n<p>&nbsp;<\/p>\n<p>[\/et_pb_text][\/et_pb_column][\/et_pb_row][et_pb_row _builder_version=&#8220;3.0.86&#8243; custom_padding=&#8220;5px|||&#8220;][et_pb_column type=&#8220;1_2&#8243;][et_pb_image _builder_version=&#8220;3.0.86&#8243; src=&#8220;https:\/\/www.lachtalhaus.eu\/wp-content\/uploads\/2017\/11\/lachtal01.jpg&#8220; show_in_lightbox=&#8220;off&#8220; url_new_window=&#8220;off&#8220; use_overlay=&#8220;off&#8220; always_center_on_mobile=&#8220;on&#8220; force_fullwidth=&#8220;off&#8220; show_bottom_space=&#8220;on&#8220; \/][et_pb_text _builder_version=&#8220;3.0.89&#8243; background_layout=&#8220;light&#8220; text_font=&#8220;Mukta||||||||&#8220; text_font_size=&#8220;16px&#8220; text_line_height=&#8220;2em&#8220;]<\/p>\n<p><strong>Smu\u010darska \u0161ola, izposoja smu\u010darskih in turisti\u010dnih izletov: <\/strong> <a href=\"http:\/\/www.lachtal.at\/services\/skiverleih-service.html\" target=\"_blank\" rel=\"noopener\">www.lachtal.at<\/a><\/p>\n<ul>\n<li>5 km tek na smu\u010deh<\/li>\n<li>sankali\u0161\u010de<\/li>\n<li>drsali\u0161\u010de<\/li>\n<li>rusti\u010dne smu\u010darske ko\u010de<\/li>\n<li>zimske pohodni\u0161ke poti<\/li>\n<li>in \u0161e ve\u010d mo\u017enosti.<\/li>\n<\/ul>\n<p>\u0160iroke proge, neskon\u010dna sne\u017ena polja, son\u010dna pobo\u010dja in zna\u010dilne ko\u010de naredijo zimski dopust eno nepozabno do\u017eivetje. Lachtal je idealen kraj za dru\u017eine, skupine, za\u010detnike in naprednike!<\/p>\n<p><strong>\u00a0<\/strong><\/p>\n<p>[\/et_pb_text][\/et_pb_column][et_pb_column type=&#8220;1_2&#8243;][et_pb_text _builder_version=&#8220;3.0.89&#8243; background_layout=&#8220;light&#8220; text_font=&#8220;Mukta||||||||&#8220; text_font_size=&#8220;16px&#8220; text_line_height=&#8220;2em&#8220; header_2_font=&#8220;Mukta||||||||&#8220; header_2_font_size=&#8220;16px&#8220; header_2_text_color=&#8220;#e02b20&#8243;]<\/p>\n<p>Lachtal je dru\u017einski smu\u010darski raj za mlade in stare in eden od najlep\u0161ih na \u0160tajerskem. Dale\u010d od vsakodnevnega stresa in mno\u017ei\u010dnega turizma lahko pre\u017eivite spro\u0161\u010dujo\u010d dan na pobo\u010djih:<\/p>\n<ul>\n<li>150 ha steze<\/li>\n<li>41 km pobo\u010dij<\/li>\n<li>9 dvigal<\/li>\n<li>2 sodobna 6-sede\u017ena dvigala z za\u0161\u010ditnimi pokrovi<\/li>\n<li>vetrovi za\u0161\u010diteni pobo\u010dji do sredi\u0161\u010da<\/li>\n<li>brezkontaktni dostopni sistem<\/li>\n<li>najnovej\u0161a oprema za zasne\u017eevanje<\/li>\n<\/ul>\n<p>Lachtal za otroke je obmo\u010dje za najmlaj\u0161e in je zelo varno. Z magi\u010dno preprogo za lebdenje in z vrvi\u010dnim dvigalom za za\u010detnike. Poleg tega je mini-slalom (figure parcours), vrtiljak in \u0161e ve\u010d mo\u017enosti. Otroci do 6 let lahko brezpla\u010dno vozijo s star\u0161i na vrtiljaku!<\/p>\n<p>[\/et_pb_text][et_pb_image admin_label=&#8220;Bild &#8211; Karte&#8220; _builder_version=&#8220;3.0.86&#8243; src=&#8220;https:\/\/www.lachtalhaus.eu\/wp-content\/uploads\/2017\/11\/lachtal02.jpg&#8220; show_in_lightbox=&#8220;on&#8220; url_new_window=&#8220;off&#8220; use_overlay=&#8220;off&#8220; always_center_on_mobile=&#8220;on&#8220; force_fullwidth=&#8220;off&#8220; show_bottom_space=&#8220;on&#8220; \/][\/et_pb_column][\/et_pb_row][\/et_pb_section]<\/p>\n","protected":false},"excerpt":{"rendered":"<p>Lachtal pozimi &nbsp; Smu\u010darska \u0161ola, izposoja smu\u010darskih in turisti\u010dnih izletov: www.lachtal.at 5 km tek na smu\u010deh sankali\u0161\u010de drsali\u0161\u010de rusti\u010dne smu\u010darske ko\u010de zimske pohodni\u0161ke poti in \u0161e ve\u010d mo\u017enosti. \u0160iroke proge, [&hellip;]<\/p>\n","protected":false},"author":2,"featured_media":0,"parent":0,"menu_order":0,"comment_status":"closed","ping_status":"closed","template":"","meta":{"_et_pb_use_builder":"on","_et_pb_old_content":"","_et_gb_content_width":"","footnotes":""},"class_list":["post-1157","page","type-page","status-publish","hentry"],"aioseo_notices":[],"_links":{"self":[{"href":"https:\/\/www.lachtalhaus.eu\/index.php\/wp-json\/wp\/v2\/pages\/1157","targetHints":{"allow":["GET"]}}],"collection":[{"href":"https:\/\/www.lachtalhaus.eu\/index.php\/wp-json\/wp\/v2\/pages"}],"about":[{"href":"https:\/\/www.lachtalhaus.eu\/index.php\/wp-json\/wp\/v2\/types\/page"}],"author":[{"embeddable":true,"href":"https:\/\/www.lachtalhaus.eu\/index.php\/wp-json\/wp\/v2\/users\/2"}],"replies":[{"embeddable":true,"href":"https:\/\/www.lachtalhaus.eu\/index.php\/wp-json\/wp\/v2\/comments?post=1157"}],"version-history":[{"count":0,"href":"https:\/\/www.lachtalhaus.eu\/index.php\/wp-json\/wp\/v2\/pages\/1157\/revisions"}],"wp:attachment":[{"href":"https:\/\/www.lachtalhaus.eu\/index.php\/wp-json\/wp\/v2\/media?parent=1157"}],"curies":[{"name":"wp","href":"https:\/\/api.w.org\/{rel}","templated":true}]}}