{"id":2615,"date":"2018-12-04T08:19:58","date_gmt":"2018-12-04T08:19:58","guid":{"rendered":"https:\/\/www.lachtalhaus.eu\/?page_id=2615"},"modified":"2018-12-04T08:19:58","modified_gmt":"2018-12-04T08:19:58","slug":"ausflugsziele","status":"publish","type":"page","link":"https:\/\/www.lachtalhaus.eu\/index.php\/ausflugsziele\/?lang=sk","title":{"rendered":"Ausflugsziele"},"content":{"rendered":"<p>[et_pb_section bb_built=&#8220;1&#8243; _builder_version=&#8220;3.0.86&#8243; custom_padding=&#8220;50px||20px|&#8220; module_class=&#8220;section-with-header&#8220;][et_pb_row _builder_version=&#8220;3.0.86&#8243; custom_padding=&#8220;0px||40px|&#8220;][et_pb_column type=&#8220;4_4&#8243;][et_pb_text admin_label=&#8220;\u00dcberschrift %22Ausflugsziele%22&#8243; _builder_version=&#8220;3.0.106&#8243; background_layout=&#8220;light&#8220; header_font=&#8220;Mukta|||on|||||&#8220; header_text_align=&#8220;center&#8220; header_text_color=&#8220;#c1271b&#8220; header_letter_spacing=&#8220;1px&#8220; saved_tabs=&#8220;all&#8220; header_line_height=&#8220;1.2em&#8220;]<\/p>\n<h1 style=\"text-align: center;\">N\u00e1pady na v\u00fdlety<\/h1>\n<p>[\/et_pb_text][et_pb_text _builder_version=&#8220;3.0.106&#8243; background_layout=&#8220;light&#8220; text_font_size=&#8220;16px&#8220; text_line_height=&#8220;2em&#8220;]<\/p>\n<p>Radi by ste za\u017eili nie\u010do jedine\u010dn\u00e9 v okol\u00ed Lachtal-u? Prejdite si na\u0161u ponuku najlep\u0161\u00edch v\u00fdletn\u00fdch cie\u013eov regi\u00f3nu a n\u00e1jdite ten dokonal\u00fd cie\u013e pr\u00e1ve pre va\u0161u nezabudnute\u013en\u00fa dovolenku v \u0160tajersku!<\/p>\n<p>[\/et_pb_text][\/et_pb_column][\/et_pb_row][et_pb_row _builder_version=&#8220;3.0.86&#8243; custom_padding=&#8220;5px|||&#8220; make_equal=&#8220;on&#8220;][et_pb_column type=&#8220;1_2&#8243;][et_pb_image admin_label=&#8220;Bild &#8211; Therme Aqualux&#8220; _builder_version=&#8220;3.0.86&#8243; src=&#8220;https:\/\/www.lachtalhaus.eu\/wp-content\/uploads\/2017\/11\/ausflug01.jpg&#8220; show_in_lightbox=&#8220;off&#8220; url_new_window=&#8220;off&#8220; use_overlay=&#8220;off&#8220; always_center_on_mobile=&#8220;on&#8220; force_fullwidth=&#8220;off&#8220; show_bottom_space=&#8220;on&#8220; \/][\/et_pb_column][et_pb_column type=&#8220;1_2&#8243;][et_pb_text admin_label=&#8220;Text &#8211; Therme Aqualux&#8220; _builder_version=&#8220;3.0.106&#8243; background_layout=&#8220;light&#8220; text_font=&#8220;Mukta||||||||&#8220; text_font_size=&#8220;16px&#8220; text_line_height=&#8220;2em&#8220; header_2_font=&#8220;Mukta||||||||&#8220; header_2_font_size=&#8220;22px&#8220; header_2_text_color=&#8220;#c1271b&#8220; header_2_letter_spacing=&#8220;1px&#8220; header_2_line_height=&#8220;1.5em&#8220;]<\/p>\n<h2>K\u00fapele Aqualux<\/h2>\n<p>Osvie\u017euj\u00faco in\u00e9! K\u00fapele Aqualux s iv\u00e1s z\u00edskaj\u00fa skvleou ponukou pre cel\u00fa rodinu \u2013 v\u0161etko pre z\u00e1bavu, ak\u010dn\u00e9 chv\u00edle, wellness, relax\u00e1ciu a vn\u00fatorn\u00fa harm\u00f3niu. <a href=\"http:\/\/www.therme-aqualux.at\" target=\"_blank\" rel=\"noopener\">Web-str\u00e1nka tu<\/a><\/p>\n<p>[\/et_pb_text][\/et_pb_column][\/et_pb_row][et_pb_row _builder_version=&#8220;3.0.86&#8243; make_equal=&#8220;on&#8220;][et_pb_column type=&#8220;1_2&#8243;][et_pb_text admin_label=&#8220;Text &#8211; Planetarium Judenburg&#8220; _builder_version=&#8220;3.0.106&#8243; background_layout=&#8220;light&#8220; text_font=&#8220;Mukta||||||||&#8220; text_font_size=&#8220;16px&#8220; text_line_height=&#8220;2em&#8220; header_2_font=&#8220;Mukta||||||||&#8220; header_2_font_size=&#8220;22px&#8220; header_2_text_color=&#8220;#c1271b&#8220; header_2_letter_spacing=&#8220;1px&#8220; header_2_line_height=&#8220;1.5em&#8220;]<\/p>\n<h2><strong>Planetarium Judenburg<br \/>\n<\/strong><\/h2>\n<p>V roku 2006 bolo v Rak\u00fasku, v meste Judenburg otvoren\u00e9 najmodernej\u0161ie planet\u00e1rium krajiny, ktor\u00e9 je umiestnen\u00e9 v najvy\u0161\u0161ej mestskej ve\u017ei Rak\u00faska. Je to najvy\u0161\u0161ie planet\u00e1rium na svete, jedno z najmodernej\u0161\u00edch \u2013 a celkom ur\u010dite je najzvl\u00e1\u0161tnej\u0161ie. <a href=\"http:\/\/www.sternenturm.at\" target=\"_blank\" rel=\"noopener\">Web-str\u00e1nka tu.<\/a><\/p>\n<p>[\/et_pb_text][\/et_pb_column][et_pb_column type=&#8220;1_2&#8243;][et_pb_image admin_label=&#8220;Bild &#8211; Planetarium Judenburg&#8220; _builder_version=&#8220;3.0.86&#8243; src=&#8220;https:\/\/www.lachtalhaus.eu\/wp-content\/uploads\/2017\/11\/ausflug02.jpg&#8220; show_in_lightbox=&#8220;on&#8220; url_new_window=&#8220;off&#8220; use_overlay=&#8220;off&#8220; always_center_on_mobile=&#8220;on&#8220; force_fullwidth=&#8220;off&#8220; show_bottom_space=&#8220;on&#8220; \/][\/et_pb_column][\/et_pb_row][et_pb_row _builder_version=&#8220;3.0.86&#8243; custom_padding=&#8220;5px|||&#8220; make_equal=&#8220;on&#8220;][et_pb_column type=&#8220;1_2&#8243;][et_pb_image admin_label=&#8220;Bild &#8211; Red Bull Ring&#8220; _builder_version=&#8220;3.0.86&#8243; src=&#8220;https:\/\/www.lachtalhaus.eu\/wp-content\/uploads\/2017\/11\/ausflug03.jpg&#8220; show_in_lightbox=&#8220;off&#8220; url_new_window=&#8220;off&#8220; use_overlay=&#8220;off&#8220; always_center_on_mobile=&#8220;on&#8220; force_fullwidth=&#8220;off&#8220; show_bottom_space=&#8220;on&#8220; \/][\/et_pb_column][et_pb_column type=&#8220;1_2&#8243;][et_pb_text admin_label=&#8220;Text &#8211; Red Bull Ring&#8220; _builder_version=&#8220;3.0.106&#8243; background_layout=&#8220;light&#8220; text_font=&#8220;Mukta||||||||&#8220; text_font_size=&#8220;16px&#8220; text_line_height=&#8220;2em&#8220; header_2_font=&#8220;Mukta||||||||&#8220; header_2_font_size=&#8220;22px&#8220; header_2_text_color=&#8220;#c1271b&#8220; header_2_letter_spacing=&#8220;1px&#8220; header_2_line_height=&#8220;1.5em&#8220;]<\/p>\n<h2>Red Bull Ring Spielberg<\/h2>\n<p>Nov\u00fd Red Bull Ring \u2013 tu je mo\u017en\u00e9 v\u0161etko. Red Bull Ring Motorsportpark z\u00e1vodn\u00fd okruh a cel\u00fd are\u00e1l je najmodernej\u0161\u00edm centrom motoristick\u00e9ho \u0161portu v Eur\u00f3pe. Na v\u00fdber je tu flotila s mno\u017estvom \u0161portov\u00fdch \u00e1ut a motocyklov aby ste sa mohli so svojimi priate\u013emi ponori\u0165 do tajov dokonal\u00e9ho ovl\u00e1dania vozidla. Pom\u00f4\u017eu v\u00e1m s t\u00fdm prominentn\u00ed a sk\u00fasen\u00ed \u0161of\u00e9rski in\u0161truktori. Zozn\u00e1mte a skamar\u00e1\u0165te sa zbl\u00edzka s r\u00fdchlos\u0165ou, dynamikou, inov\u00e1ciamai a v\u00fdkonom. <a href=\"http:\/\/www.projekt-spielberg.at\/\" target=\"_blank\" rel=\"noopener\">Web-str\u00e1nka tu. <\/a><\/p>\n<p>[\/et_pb_text][\/et_pb_column][\/et_pb_row][\/et_pb_section]<\/p>\n","protected":false},"excerpt":{"rendered":"<p>N\u00e1pady na v\u00fdlety Radi by ste za\u017eili nie\u010do jedine\u010dn\u00e9 v okol\u00ed Lachtal-u? Prejdite si na\u0161u ponuku najlep\u0161\u00edch v\u00fdletn\u00fdch cie\u013eov regi\u00f3nu a n\u00e1jdite ten dokonal\u00fd cie\u013e pr\u00e1ve pre va\u0161u nezabudnute\u013en\u00fa dovolenku [&hellip;]<\/p>\n","protected":false},"author":2,"featured_media":0,"parent":0,"menu_order":0,"comment_status":"closed","ping_status":"closed","template":"","meta":{"_et_pb_use_builder":"on","_et_pb_old_content":"","_et_gb_content_width":"","footnotes":""},"class_list":["post-2615","page","type-page","status-publish","hentry"],"aioseo_notices":[],"_links":{"self":[{"href":"https:\/\/www.lachtalhaus.eu\/index.php\/wp-json\/wp\/v2\/pages\/2615","targetHints":{"allow":["GET"]}}],"collection":[{"href":"https:\/\/www.lachtalhaus.eu\/index.php\/wp-json\/wp\/v2\/pages"}],"about":[{"href":"https:\/\/www.lachtalhaus.eu\/index.php\/wp-json\/wp\/v2\/types\/page"}],"author":[{"embeddable":true,"href":"https:\/\/www.lachtalhaus.eu\/index.php\/wp-json\/wp\/v2\/users\/2"}],"replies":[{"embeddable":true,"href":"https:\/\/www.lachtalhaus.eu\/index.php\/wp-json\/wp\/v2\/comments?post=2615"}],"version-history":[{"count":0,"href":"https:\/\/www.lachtalhaus.eu\/index.php\/wp-json\/wp\/v2\/pages\/2615\/revisions"}],"wp:attachment":[{"href":"https:\/\/www.lachtalhaus.eu\/index.php\/wp-json\/wp\/v2\/media?parent=2615"}],"curies":[{"name":"wp","href":"https:\/\/api.w.org\/{rel}","templated":true}]}}