{"id":45,"date":"2017-10-23T08:33:06","date_gmt":"2017-10-23T08:33:06","guid":{"rendered":"https:\/\/www.lachtalhaus.eu\/?page_id=45"},"modified":"2022-09-13T13:12:21","modified_gmt":"2022-09-13T13:12:21","slug":"willkommen","status":"publish","type":"page","link":"https:\/\/www.lachtalhaus.eu\/","title":{"rendered":"Willkommen"},"content":{"rendered":"<p>[et_pb_section fb_built=&#8220;1&#8243; fullwidth=&#8220;on&#8220; _builder_version=&#8220;4.16&#8243; custom_margin=&#8220;0px|0px|0px|0px&#8220; custom_padding=&#8220;0px|0px|0px|0px&#8220; border_color_all=&#8220;#ffffff&#8220; global_colors_info=&#8220;{}&#8220;][et_pb_fullwidth_slider _builder_version=&#8220;4.16&#8243; custom_margin=&#8220;0px|0px|0px|0px&#8220; custom_padding=&#8220;0px|0px|0px|0px&#8220; box_shadow_style=&#8220;preset6&#8243; box_shadow_blur=&#8220;10px&#8220; box_shadow_color=&#8220;rgba(0,0,0,0.1)&#8220; show_inner_shadow=&#8220;on&#8220; global_colors_info=&#8220;{}&#8220; button_text_size__hover_enabled=&#8220;off&#8220; button_text_size__hover=&#8220;null&#8220; button_one_text_size__hover_enabled=&#8220;off&#8220; button_one_text_size__hover=&#8220;null&#8220; button_two_text_size__hover_enabled=&#8220;off&#8220; button_two_text_size__hover=&#8220;null&#8220; button_text_color__hover_enabled=&#8220;off&#8220; button_text_color__hover=&#8220;null&#8220; button_one_text_color__hover_enabled=&#8220;off&#8220; button_one_text_color__hover=&#8220;null&#8220; button_two_text_color__hover_enabled=&#8220;off&#8220; button_two_text_color__hover=&#8220;null&#8220; button_border_width__hover_enabled=&#8220;off&#8220; button_border_width__hover=&#8220;null&#8220; button_one_border_width__hover_enabled=&#8220;off&#8220; button_one_border_width__hover=&#8220;null&#8220; button_two_border_width__hover_enabled=&#8220;off&#8220; button_two_border_width__hover=&#8220;null&#8220; button_border_color__hover_enabled=&#8220;off&#8220; button_border_color__hover=&#8220;null&#8220; button_one_border_color__hover_enabled=&#8220;off&#8220; button_one_border_color__hover=&#8220;null&#8220; button_two_border_color__hover_enabled=&#8220;off&#8220; button_two_border_color__hover=&#8220;null&#8220; button_border_radius__hover_enabled=&#8220;off&#8220; button_border_radius__hover=&#8220;null&#8220; button_one_border_radius__hover_enabled=&#8220;off&#8220; button_one_border_radius__hover=&#8220;null&#8220; button_two_border_radius__hover_enabled=&#8220;off&#8220; button_two_border_radius__hover=&#8220;null&#8220; button_letter_spacing__hover_enabled=&#8220;off&#8220; button_letter_spacing__hover=&#8220;null&#8220; button_one_letter_spacing__hover_enabled=&#8220;off&#8220; button_one_letter_spacing__hover=&#8220;null&#8220; button_two_letter_spacing__hover_enabled=&#8220;off&#8220; button_two_letter_spacing__hover=&#8220;null&#8220; button_bg_color__hover_enabled=&#8220;off&#8220; button_bg_color__hover=&#8220;null&#8220; button_one_bg_color__hover_enabled=&#8220;off&#8220; button_one_bg_color__hover=&#8220;null&#8220; button_two_bg_color__hover_enabled=&#8220;off&#8220; button_two_bg_color__hover=&#8220;null&#8220;][et_pb_slide use_bg_overlay=&#8220;off&#8220; use_text_overlay=&#8220;off&#8220; _builder_version=&#8220;4.16&#8243; header_level=&#8220;h1&#8243; background_color=&#8220;#ffffff&#8220; custom_css_main_element=&#8220;padding: 0 0;&#8220; custom_css_slide_container=&#8220;margin: 0 0;||width: 100%;||height: auto;&#8220; global_colors_info=&#8220;{}&#8220; button_text_size__hover_enabled=&#8220;off&#8220; button_one_text_size__hover_enabled=&#8220;off&#8220; button_two_text_size__hover_enabled=&#8220;off&#8220; button_text_color__hover_enabled=&#8220;off&#8220; button_one_text_color__hover_enabled=&#8220;off&#8220; button_two_text_color__hover_enabled=&#8220;off&#8220; button_border_width__hover_enabled=&#8220;off&#8220; button_one_border_width__hover_enabled=&#8220;off&#8220; button_two_border_width__hover_enabled=&#8220;off&#8220; button_border_color__hover_enabled=&#8220;off&#8220; button_one_border_color__hover_enabled=&#8220;off&#8220; button_two_border_color__hover_enabled=&#8220;off&#8220; button_border_radius__hover_enabled=&#8220;off&#8220; button_one_border_radius__hover_enabled=&#8220;off&#8220; button_two_border_radius__hover_enabled=&#8220;off&#8220; button_letter_spacing__hover_enabled=&#8220;off&#8220; button_one_letter_spacing__hover_enabled=&#8220;off&#8220; button_two_letter_spacing__hover_enabled=&#8220;off&#8220; button_bg_color__hover_enabled=&#8220;off&#8220; button_one_bg_color__hover_enabled=&#8220;off&#8220; button_two_bg_color__hover_enabled=&#8220;off&#8220; sticky_transition=&#8220;on&#8220;]<img loading=\"lazy\" decoding=\"async\" class=\"alignnone wp-image-1923 size-full\" src=\"https:\/\/www.lachtalhaus.eu\/wp-content\/uploads\/2018\/01\/Lachtalhaus-1.jpg\" alt=\"\" width=\"2033\" height=\"1525\" srcset=\"https:\/\/www.lachtalhaus.eu\/wp-content\/uploads\/2018\/01\/Lachtalhaus-1.jpg 2033w, https:\/\/www.lachtalhaus.eu\/wp-content\/uploads\/2018\/01\/Lachtalhaus-1-300x225.jpg 300w, https:\/\/www.lachtalhaus.eu\/wp-content\/uploads\/2018\/01\/Lachtalhaus-1-768x576.jpg 768w, https:\/\/www.lachtalhaus.eu\/wp-content\/uploads\/2018\/01\/Lachtalhaus-1-1024x768.jpg 1024w, https:\/\/www.lachtalhaus.eu\/wp-content\/uploads\/2018\/01\/Lachtalhaus-1-510x382.jpg 510w, https:\/\/www.lachtalhaus.eu\/wp-content\/uploads\/2018\/01\/Lachtalhaus-1-1080x810.jpg 1080w, https:\/\/www.lachtalhaus.eu\/wp-content\/uploads\/2018\/01\/Lachtalhaus-1-1320x990.jpg 1320w\" sizes=\"(max-width: 2033px) 100vw, 2033px\" \/><\/p>\n<div class=\"facebook_button\" style=\"height: 72px; width: 72px; margin-left: auto; margin-right: 30px; bottom: 102px; position: relative;\"><a href=\"https:\/\/www.facebook.com\/Lachtalhaus\/\" target=\"_blank\" rel=\"noopener noreferrer\"><img loading=\"lazy\" decoding=\"async\" class=\"alignright\" src=\"wp-content\/uploads\/2017\/11\/fbicon_72.png\" width=\"72\" height=\"72\" \/><\/a><\/div>\n<p>[\/et_pb_slide][\/et_pb_fullwidth_slider][\/et_pb_section][et_pb_section fb_built=&#8220;1&#8243; _builder_version=&#8220;4.16&#8243; custom_css_main_element=&#8220;padding-top: calc(4% &#8211; 72px);&#8220; global_colors_info=&#8220;{}&#8220;][et_pb_row column_structure=&#8220;1_3,1_3,1_3&#8243; _builder_version=&#8220;4.16&#8243; global_colors_info=&#8220;{}&#8220;][et_pb_column type=&#8220;1_3&#8243; _builder_version=&#8220;4.16&#8243; custom_padding=&#8220;|50px||50px&#8220; global_colors_info=&#8220;{}&#8220; custom_padding__hover=&#8220;|||&#8220;][et_pb_image src=&#8220;https:\/\/www.lachtalhaus.eu\/wp-content\/uploads\/2017\/10\/kreis_anfrage.jpg&#8220; url=&#8220;https:\/\/www.lachtalhaus.eu\/index.php\/unser-hotel\/&#8220; align=&#8220;center&#8220; align_tablet=&#8220;center&#8220; align_phone=&#8220;center&#8220; align_last_edited=&#8220;on|desktop&#8220; admin_label=&#8220;Bild &#8211; Anfragen&#8220; _builder_version=&#8220;4.16&#8243; custom_css_main_element=&#8220;max-width: 250px;&#8220; always_center_on_mobile=&#8220;on&#8220; global_colors_info=&#8220;{}&#8220;][\/et_pb_image][\/et_pb_column][et_pb_column type=&#8220;1_3&#8243; _builder_version=&#8220;4.16&#8243; custom_padding=&#8220;|50px||50px&#8220; global_colors_info=&#8220;{}&#8220; custom_padding__hover=&#8220;|||&#8220;][et_pb_image src=&#8220;https:\/\/www.lachtalhaus.eu\/wp-content\/uploads\/2017\/10\/kreis_hotel.jpg&#8220; url=&#8220;https:\/\/www.lachtalhaus.eu\/index.php\/unser-hotel\/&#8220; align=&#8220;center&#8220; align_tablet=&#8220;center&#8220; align_phone=&#8220;center&#8220; align_last_edited=&#8220;on|desktop&#8220; admin_label=&#8220;Bild &#8211; Hotel&#8220; _builder_version=&#8220;4.16&#8243; custom_css_main_element=&#8220;max-width: 250px;&#8220; always_center_on_mobile=&#8220;on&#8220; global_colors_info=&#8220;{}&#8220;][\/et_pb_image][\/et_pb_column][et_pb_column type=&#8220;1_3&#8243; _builder_version=&#8220;4.16&#8243; custom_padding=&#8220;|50px||50px&#8220; global_colors_info=&#8220;{}&#8220; custom_padding__hover=&#8220;|||&#8220;][et_pb_image src=&#8220;https:\/\/www.lachtalhaus.eu\/wp-content\/uploads\/2017\/10\/kreis_angebote.jpg&#8220; url=&#8220;https:\/\/www.lachtalhaus.eu\/index.php\/preisewinter2017-18\/&#8220; align=&#8220;center&#8220; align_tablet=&#8220;center&#8220; align_phone=&#8220;center&#8220; align_last_edited=&#8220;on|desktop&#8220; admin_label=&#8220;Bild &#8211; Angebote&#8220; _builder_version=&#8220;4.16&#8243; custom_css_main_element=&#8220;max-width: 250px;&#8220; always_center_on_mobile=&#8220;on&#8220; global_colors_info=&#8220;{}&#8220;][\/et_pb_image][\/et_pb_column][\/et_pb_row][\/et_pb_section][et_pb_section fb_built=&#8220;1&#8243; _builder_version=&#8220;4.16&#8243; background_image=&#8220;https:\/\/www.lachtalhaus.eu\/wp-content\/uploads\/2017\/10\/home_grey-1.jpg&#8220; background_size=&#8220;initial&#8220; global_colors_info=&#8220;{}&#8220;][et_pb_row _builder_version=&#8220;4.16&#8243; background_size=&#8220;initial&#8220; background_position=&#8220;top_left&#8220; background_repeat=&#8220;repeat&#8220; global_colors_info=&#8220;{}&#8220;][et_pb_column type=&#8220;4_4&#8243; _builder_version=&#8220;4.16&#8243; custom_padding=&#8220;|||&#8220; global_colors_info=&#8220;{}&#8220; custom_padding__hover=&#8220;|||&#8220;][et_pb_text admin_label=&#8220;\u00dcberschrift &#8211; Lachtalhaus&#8220; _builder_version=&#8220;4.16&#8243; text_font=&#8220;|300||on|||||&#8220; header_font=&#8220;Mukta|||||on|||&#8220; header_text_align=&#8220;center&#8220; header_text_color=&#8220;#c1271b&#8220; header_letter_spacing=&#8220;1px&#8220; header_line_height=&#8220;1.2em&#8220; global_colors_info=&#8220;{}&#8220;]<\/p>\n<h1>Hotel Lachtalhaus \u2013 Ihr Familienhotel direkt an der Piste<\/h1>\n<p>[\/et_pb_text][et_pb_text _builder_version=&#8220;4.16&#8243; text_font=&#8220;Mukta||||||||&#8220; text_font_size=&#8220;18px&#8220; text_line_height=&#8220;2em&#8220; global_colors_info=&#8220;{}&#8220;]<\/p>\n<p style=\"text-align: center;\">Genie\u00dfen Sie einen sportlichen Skitag in einem der sch\u00f6nsten Skigebiete der Steiermark und lassen Sie sich im Hotel Lachtalhaus verw\u00f6hnen. Famili\u00e4re Gastfreundlichkeit und eine perfekte Lage laden zum Verweilen ein und machen Ihren Skiurlaub zu einem au\u00dfergew\u00f6hnlichen Erlebnis. Unser Hotel liegt direkt an der Piste und bietet Familien einen Erholungsort abseits von Alltag und Hektik. Ger\u00e4umige Familien- und Doppelzimmer, ein gro\u00dfes \u00c1 la carte Restaurant, ein gepflegter Wellnessbereich, ein tolles Kinderspielzimmer und kostenloses WIFI runden das Angebot ab. Die Qualit\u00e4t unserer Lebensmittel ist uns eine Herzensangelegenheit. Hauseigens produzierte Schmankerl, kombiniert mit nat\u00fcrlichen Zutaten, machen unsere K\u00fcche zu einem einzigartigen Geschmackserlebnis.<\/p>\n<p>[\/et_pb_text][et_pb_image src=&#8220;https:\/\/www.lachtalhaus.eu\/wp-content\/uploads\/2017\/10\/logo_291x51-1.png&#8220; align=&#8220;center&#8220; align_tablet=&#8220;center&#8220; align_phone=&#8220;center&#8220; align_last_edited=&#8220;on|desktop&#8220; admin_label=&#8220;Logo&#8220; module_class=&#8220;logo-in-text&#8220; _builder_version=&#8220;4.16&#8243; always_center_on_mobile=&#8220;on&#8220; global_colors_info=&#8220;{}&#8220;][\/et_pb_image][\/et_pb_column][\/et_pb_row][\/et_pb_section][et_pb_section fb_built=&#8220;1&#8243; _builder_version=&#8220;4.16&#8243; global_colors_info=&#8220;{}&#8220;][et_pb_row make_equal=&#8220;on&#8220; module_class=&#8220;one-four-one-columns et_pb_row_fullwidth&#8220; _builder_version=&#8220;4.16&#8243; width=&#8220;89%&#8220; width_tablet=&#8220;80%&#8220; width_phone=&#8220;80%&#8220; width_last_edited=&#8220;on|desktop&#8220; max_width=&#8220;89%&#8220; max_width_tablet=&#8220;80%&#8220; max_width_phone=&#8220;80%&#8220; max_width_last_edited=&#8220;on|desktop&#8220; module_alignment=&#8220;center&#8220; custom_css_main_element=&#8220;vertical-align: middle;&#8220; make_fullwidth=&#8220;on&#8220; global_colors_info=&#8220;{}&#8220;][et_pb_column type=&#8220;4_4&#8243; _builder_version=&#8220;4.16&#8243; custom_padding=&#8220;|||&#8220; custom_css_main_element=&#8220;height: 258px;&#8220; global_colors_info=&#8220;{}&#8220; custom_padding__hover=&#8220;|||&#8220;][et_pb_code module_id=&#8220;owl-previous&#8220; _builder_version=&#8220;4.16&#8243; custom_css_main_element=&#8220;height: 100%;||vertical-align: middle;||text-align: center;&#8220; global_colors_info=&#8220;{}&#8220;]<span class=\"vertical-helper\" style=\"display: inline-block; height: 100%; width: 0px; vertical-align: middle;\"><\/span><!-- [et_pb_line_break_holder] --><img decoding=\"async\" id=\"owl-navi-prev\" class=\"owl-navi-img\" src=\"https:\/\/www.lachtalhaus.eu\/wp-content\/uploads\/2017\/11\/pfeil_links.jpg\" style=\"height: 50px; width: 50px; display: inline-block; vertical-align: middle;\" \/><!-- [et_pb_line_break_holder] --><script type=\"text\/javascript\"><!-- [et_pb_line_break_holder] -->jQuery(document).ready(function() {<!-- [et_pb_line_break_holder] --> var owl = jQuery('.owl-carousel');<!-- [et_pb_line_break_holder] --> jQuery(\"#owl-navi-prev\").click(function() {<!-- [et_pb_line_break_holder] --> owl.trigger('prev.owl.carousel');<!-- [et_pb_line_break_holder] --> });<!-- [et_pb_line_break_holder] -->});<!-- [et_pb_line_break_holder] --><\/script>[\/et_pb_code][et_pb_blurb admin_label=&#8220;Galerie&#8220; _builder_version=&#8220;4.16&#8243; custom_css_main_element=&#8220;height: 100%;||vertical-align: middle;&#8220; use_circle=&#8220;off&#8220; use_circle_border=&#8220;off&#8220; global_colors_info=&#8220;{}&#8220;]<\/p>\n\n<style>\n\n\t\/*Used to keep captions inside the visible area*\/\n\t#foogallery-gallery-138 .foo-item {\n\t\tmax-height: 270px;\n\t}\n\n\t#foogallery-gallery-138.border-style-inset a::after {\n\t\tbox-shadow: inset 0 0 20px #000;\n\t\t-moz-box-shadow: inset 0 0 20px #000;\n\t\t-webkit-box-shadow: inset 0 0 calc(270)px\/4 rgba(0,0,0,0.8);\n\t}\n<\/style>\n\n<div id=\"foogallery-gallery-138\" class=\"foogallery foogallery-container foogallery-owl-carousel foogallery-lightbox-foobox owl-carousel hover-effect-zoom border-style-square-white hasborder\">\n\n\t\t\t\t<div class=\"foo-item\" >\n\t\t\t<a  href=\"https:\/\/www.lachtalhaus.eu\/wp-content\/uploads\/2017\/10\/home_slider_01-1.jpg\" data-attachment-id=\"82\" data-type=\"image\"><img loading=\"lazy\" decoding=\"async\"  src=\"https:\/\/www.lachtalhaus.eu\/wp-content\/uploads\/cache\/2017\/10\/home_slider_01-1\/2482537125.jpg\" width=\"250\" height=\"250\" class=\"skip-lazy\" \/><\/a>\n\t\t\t<\/div>\n\n\t\t\t\t<div class=\"foo-item\" >\n\t\t\t<a  href=\"https:\/\/www.lachtalhaus.eu\/wp-content\/uploads\/2017\/10\/kulinarisches_02.jpg\" data-attachment-id=\"345\" data-type=\"image\"><img loading=\"lazy\" decoding=\"async\"  src=\"https:\/\/www.lachtalhaus.eu\/wp-content\/uploads\/cache\/2017\/10\/kulinarisches_02\/1303967691.jpg\" width=\"250\" height=\"250\" class=\"skip-lazy\" \/><\/a>\n\t\t\t<\/div>\n\n\t\t\t\t<div class=\"foo-item\" >\n\t\t\t<a  href=\"https:\/\/www.lachtalhaus.eu\/wp-content\/uploads\/2017\/11\/007A9574.jpg\" data-attachment-id=\"2689\" data-type=\"image\"><img loading=\"lazy\" decoding=\"async\"  src=\"https:\/\/www.lachtalhaus.eu\/wp-content\/uploads\/cache\/2017\/11\/007A9574\/3133520505.jpg\" width=\"250\" height=\"250\" class=\"skip-lazy\" \/><\/a>\n\t\t\t<\/div>\n\n\t\t\t\t<div class=\"foo-item\" >\n\t\t\t<a  href=\"https:\/\/www.lachtalhaus.eu\/wp-content\/uploads\/2017\/10\/home_gallery_02.jpg\" data-attachment-id=\"129\" data-type=\"image\"><img loading=\"lazy\" decoding=\"async\"  src=\"https:\/\/www.lachtalhaus.eu\/wp-content\/uploads\/cache\/2017\/10\/home_gallery_02\/3473274338.jpg\" width=\"250\" height=\"250\" class=\"skip-lazy\" \/><\/a>\n\t\t\t<\/div>\n\n\t\t\t\t<div class=\"foo-item\" >\n\t\t\t<a  href=\"https:\/\/www.lachtalhaus.eu\/wp-content\/uploads\/2017\/11\/IMG_1380.jpg\" data-attachment-id=\"2704\" data-type=\"image\"><img loading=\"lazy\" decoding=\"async\"  src=\"https:\/\/www.lachtalhaus.eu\/wp-content\/uploads\/cache\/2017\/11\/IMG_1380\/2803576798.jpg\" width=\"250\" height=\"250\" class=\"skip-lazy\" \/><\/a>\n\t\t\t<\/div>\n\n\t\t\t\t<div class=\"foo-item\" >\n\t\t\t<a  href=\"https:\/\/www.lachtalhaus.eu\/wp-content\/uploads\/2017\/11\/007A9599.jpg\" data-attachment-id=\"2694\" data-type=\"image\"><img loading=\"lazy\" decoding=\"async\"  src=\"https:\/\/www.lachtalhaus.eu\/wp-content\/uploads\/cache\/2017\/11\/007A9599\/710946822.jpg\" width=\"250\" height=\"250\" class=\"skip-lazy\" \/><\/a>\n\t\t\t<\/div>\n\n\t\t\t\t<div class=\"foo-item\" >\n\t\t\t<a  href=\"https:\/\/www.lachtalhaus.eu\/wp-content\/uploads\/2017\/11\/007A9604.jpg\" data-attachment-id=\"2699\" data-type=\"image\"><img loading=\"lazy\" decoding=\"async\"  src=\"https:\/\/www.lachtalhaus.eu\/wp-content\/uploads\/cache\/2017\/11\/007A9604\/3288193889.jpg\" width=\"250\" height=\"250\" class=\"skip-lazy\" \/><\/a>\n\t\t\t<\/div>\n\n\t\t\t\t<div class=\"foo-item\" >\n\t\t\t<a  href=\"https:\/\/www.lachtalhaus.eu\/wp-content\/uploads\/2017\/10\/home_gallery_03.jpg\" data-attachment-id=\"130\" data-type=\"image\"><img loading=\"lazy\" decoding=\"async\"  src=\"https:\/\/www.lachtalhaus.eu\/wp-content\/uploads\/cache\/2017\/10\/home_gallery_03\/1287357678.jpg\" width=\"250\" height=\"250\" class=\"skip-lazy\" \/><\/a>\n\t\t\t<\/div>\n\n\t\t\t\t<div class=\"foo-item\" >\n\t\t\t<a  href=\"https:\/\/www.lachtalhaus.eu\/wp-content\/uploads\/2017\/10\/hotel_gallery_04.jpg\" data-attachment-id=\"272\" data-type=\"image\"><img loading=\"lazy\" decoding=\"async\"  src=\"https:\/\/www.lachtalhaus.eu\/wp-content\/uploads\/cache\/2017\/10\/hotel_gallery_04\/3859789015.jpg\" width=\"250\" height=\"250\" class=\"skip-lazy\" \/><\/a>\n\t\t\t<\/div>\n\n\t\t\t\t<div class=\"foo-item\" >\n\t\t\t<a  href=\"https:\/\/www.lachtalhaus.eu\/wp-content\/uploads\/2017\/10\/kulinarisches_01.jpg\" data-attachment-id=\"348\" data-type=\"image\"><img loading=\"lazy\" decoding=\"async\"  src=\"https:\/\/www.lachtalhaus.eu\/wp-content\/uploads\/cache\/2017\/10\/kulinarisches_01\/519573682.jpg\" width=\"250\" height=\"250\" class=\"skip-lazy\" \/><\/a>\n\t\t\t<\/div>\n\n\t<\/div>\n\n<script>\n\/* The Owl Initialization Script\n\/* The first lines conditionally show the slide animation *\/\njQuery(window).on(\"load\", function(){\n\tvar $galleryContainer = jQuery( '#foogallery-gallery-138' );\n\tvar $containerID = '#foogallery-gallery-138';\n\n\tjQuery(document).on('keydown', function( event ) { \/\/attach event listener\n\t\tif (event.keyCode == 37) {\n\t\t\t$galleryContainer.trigger('prev.owl')\n\t\t}\n\t\tif (event.keyCode == 39) {\n\t\t\t$galleryContainer.trigger('next.owl')\n\t\t}\n\t});\n\n\t\n\t$galleryContainer.owlCarousel({\n\t\titems: 4,\n\t\tnav: false,\n\t\tmargin: 10,\n\t\tloop:true,\n\t\tautoplay: true,\n\t\tautoplaySpeed: 1000,\n\t\tsmartSpeed:250,\n\t\tnavSpeed: 1250,\n\t\tnavText: ['prev', 'next'],\n\t\tautoplayHoverPause: true,\n\t\tlazyLoad: 1,\n\t\tautoWidth: 1,\n\t\t\tURLhashListener: false,\n\t\tstartPosition: 'URLHash',\n\t\tdots: false,\n\t\t\tresponsiveClass: true,\n\t\tresponsive:{\n\t\t\t0:{\n\t\t\t\titems: 1,\n\t\t\t},\n\t\t\t480:{\n\t\t\t\titems: 2,\n\t\t\t},\n\t\t\t960:{\n\t\t\t\titems: 3,\n\t\t\t}\n\t\t},\n\n\t\t\t});\n});\n<\/script><style type=\"text\/css\">#foogallery-gallery-138 { width: 100%; }\r\n#foogallery-gallery-138 a.fbx-link { border-radius: 15px; }\r\n#foogallery-gallery-138 .owl-stage-outer { padding: 0; }<\/style>\n<p>[\/et_pb_blurb][et_pb_code module_id=&#8220;owl-next&#8220; _builder_version=&#8220;4.16&#8243; custom_css_main_element=&#8220;height: 100%;||vertical-align: middle;||text-align: center;&#8220; global_colors_info=&#8220;{}&#8220;]<span class=\"vertical-helper\" style=\"display: inline-block; height: 100%; width: 0px; vertical-align: middle;\"><\/span><!-- [et_pb_line_break_holder] --><img decoding=\"async\" id=\"owl-navi-next\" class=\"owl-navi-img\" src=\"https:\/\/www.lachtalhaus.eu\/wp-content\/uploads\/2017\/11\/pfeil_rechts.jpg\" style=\"height: 50px; width: 50px; display: inline-block; vertical-align: middle;\" \/><!-- [et_pb_line_break_holder] --><script type=\"text\/javascript\"><!-- [et_pb_line_break_holder] -->jQuery(document).ready(function() {<!-- [et_pb_line_break_holder] --> var owl = jQuery('.owl-carousel');<!-- [et_pb_line_break_holder] --> jQuery(\"#owl-navi-next\").click(function() {<!-- [et_pb_line_break_holder] --> owl.trigger('next.owl.carousel');<!-- [et_pb_line_break_holder] --> });<!-- [et_pb_line_break_holder] -->});<!-- [et_pb_line_break_holder] --><\/script>[\/et_pb_code][\/et_pb_column][\/et_pb_row][\/et_pb_section]<\/p>\n","protected":false},"excerpt":{"rendered":"<p>Hotel Lachtalhaus \u2013 Ihr Familienhotel direkt an der Piste Genie\u00dfen Sie einen sportlichen Skitag in einem der sch\u00f6nsten Skigebiete der Steiermark und lassen Sie sich im Hotel Lachtalhaus verw\u00f6hnen. Famili\u00e4re [&hellip;]<\/p>\n","protected":false},"author":2,"featured_media":0,"parent":0,"menu_order":0,"comment_status":"closed","ping_status":"closed","template":"","meta":{"_et_pb_use_builder":"on","_et_pb_old_content":"","_et_gb_content_width":"","footnotes":""},"class_list":["post-45","page","type-page","status-publish","hentry"],"aioseo_notices":[],"_links":{"self":[{"href":"https:\/\/www.lachtalhaus.eu\/index.php\/wp-json\/wp\/v2\/pages\/45","targetHints":{"allow":["GET"]}}],"collection":[{"href":"https:\/\/www.lachtalhaus.eu\/index.php\/wp-json\/wp\/v2\/pages"}],"about":[{"href":"https:\/\/www.lachtalhaus.eu\/index.php\/wp-json\/wp\/v2\/types\/page"}],"author":[{"embeddable":true,"href":"https:\/\/www.lachtalhaus.eu\/index.php\/wp-json\/wp\/v2\/users\/2"}],"replies":[{"embeddable":true,"href":"https:\/\/www.lachtalhaus.eu\/index.php\/wp-json\/wp\/v2\/comments?post=45"}],"version-history":[{"count":0,"href":"https:\/\/www.lachtalhaus.eu\/index.php\/wp-json\/wp\/v2\/pages\/45\/revisions"}],"wp:attachment":[{"href":"https:\/\/www.lachtalhaus.eu\/index.php\/wp-json\/wp\/v2\/media?parent=45"}],"curies":[{"name":"wp","href":"https:\/\/api.w.org\/{rel}","templated":true}]}}