{"id":49,"date":"2017-10-23T08:33:44","date_gmt":"2017-10-23T08:33:44","guid":{"rendered":"https:\/\/www.lachtalhaus.eu\/?page_id=49"},"modified":"2019-10-04T18:07:00","modified_gmt":"2019-10-04T18:07:00","slug":"kulinarisches","status":"publish","type":"page","link":"https:\/\/www.lachtalhaus.eu\/index.php\/kulinarisches\/","title":{"rendered":"Kulinarisches"},"content":{"rendered":"<p>[et_pb_section bb_built=&#8220;1&#8243; _builder_version=&#8220;3.0.86&#8243; custom_padding=&#8220;50px||20px|&#8220; module_class=&#8220;section-with-header&#8220; next_background_color=&#8220;#000000&#8243;][et_pb_row _builder_version=&#8220;3.0.86&#8243; custom_padding=&#8220;0px|||&#8220;][et_pb_column type=&#8220;4_4&#8243;][et_pb_text admin_label=&#8220;Text &#8211; Kulinarisches&#8220; _builder_version=&#8220;3.0.86&#8243; background_layout=&#8220;light&#8220; header_2_font=&#8220;Mukta|700|||||||&#8220; header_2_text_align=&#8220;left&#8220; header_2_font_size=&#8220;18px&#8220; header_2_text_color=&#8220;#c1271b&#8220; header_2_letter_spacing=&#8220;1px&#8220; header_2_line_height=&#8220;1.5em&#8220; text_line_height=&#8220;1em&#8220; saved_tabs=&#8220;all&#8220; header_font=&#8220;Mukta|||on|||||&#8220; header_text_align=&#8220;center&#8220; header_text_color=&#8220;#c1271b&#8220; header_letter_spacing=&#8220;1px&#8220; header_line_height=&#8220;1.2em&#8220; text_font=&#8220;Mukta||||||||&#8220; custom_margin=&#8220;20px||20px|&#8220;]<\/p>\n<h1>Kulinarisches<\/h1>\n<p>[\/et_pb_text][et_pb_text admin_label=&#8220;Text &#8211; Kulinarisches&#8220; _builder_version=&#8220;3.18.6&#8243; background_layout=&#8220;light&#8220; header_2_font=&#8220;Mukta|700|||||||&#8220; header_2_text_align=&#8220;left&#8220; header_2_font_size=&#8220;18px&#8220; header_2_text_color=&#8220;#c1271b&#8220; header_2_letter_spacing=&#8220;1px&#8220; header_2_line_height=&#8220;1.5em&#8220; text_line_height=&#8220;2em&#8220; saved_tabs=&#8220;all&#8220; header_font=&#8220;Mukta|||on|||||&#8220; header_text_align=&#8220;center&#8220; header_text_color=&#8220;#c1271b&#8220; header_letter_spacing=&#8220;1px&#8220; text_font_size=&#8220;16px&#8220; header_line_height=&#8220;1.2em&#8220; text_font=&#8220;Mukta||||||||&#8220; custom_margin=&#8220;||20px|&#8220;]<\/p>\n<p>\nLassen Sie sich in unserem \u00c1 la carte Restaurant mit unseren K\u00f6stlichkeiten verw\u00f6hnen und genie\u00dfen Sie in heimeliger Atmosph\u00e4re unsere famili\u00e4re Gastfreundlichkeit. Die Qualit\u00e4t der Lebensmittel hat f\u00fcr uns oberste Priorit\u00e4t. Wir kochen frisch mit m\u00f6glichst nat\u00fcrlichen und gesunden Zutaten. Auf Wunsch servieren wir auch gerne gluten- und laktosefreie Gerichte. In der Halbpension ist ein k\u00f6stliches 4-Gang Men\u00fc, mit Auswahl aus drei Gerichten und einem Salatbuffet inkludiert.<\/p>\n<p>Unser reichhaltiges Fr\u00fchst\u00fccksbuffet sorgt f\u00fcr einen gelungenen und energievollen Start in den Skitag. Unsere nach traditioneller Hausrezeptur hergestellten Schmankerln wie Speck, Wurst, Marmeladen und Sirupe unterstreichen unsere Passion f\u00fcrs Essen und sorgen f\u00fcr ein besonderes Geschmackserlebnis. Damit steht Ihrem Skivergn\u00fcgen nichts mehr im Wege.<\/p>\n<p>Die warme K\u00fcche ist w\u00e4hrend der Schisaison t\u00e4glich von 11.00 bis 20.00 Uhr f\u00fcr Sie ge\u00f6ffnet.<\/p>\n<p>[\/et_pb_text][\/et_pb_column][\/et_pb_row][\/et_pb_section][et_pb_section bb_built=&#8220;1&#8243; fullwidth=&#8220;off&#8220; specialty=&#8220;off&#8220; _builder_version=&#8220;3.0.85&#8243; custom_padding=&#8220;20px||20px|&#8220; prev_background_color=&#8220;#000000&#8243;][et_pb_row _builder_version=&#8220;3.0.85&#8243; custom_padding=&#8220;0px|||&#8220;][et_pb_column type=&#8220;4_4&#8243;][et_pb_gallery _builder_version=&#8220;3.18.6&#8243; show_title_and_caption=&#8220;off&#8220; show_pagination=&#8220;off&#8220; gallery_ids=&#8220;1885,2224,2232&#8243; zoom_icon_color=&#8220;#c1271b&#8220; hover_overlay_color=&#8220;rgba(255,255,255,0.9)&#8220; pagination_font_size_tablet=&#8220;51&#8243; pagination_line_height_tablet=&#8220;2&#8243; custom_css_gallery_item=&#8220;margin: 0 !important;||padding: 0 calc((50% &#8211; 450px)\/2) 80px calc((50% &#8211; 450px)\/2);||width: 50% !important;||clear: none !important;&#8220; posts_number=&#8220;20&#8243; \/][\/et_pb_column][\/et_pb_row][\/et_pb_section]<\/p>\n","protected":false},"excerpt":{"rendered":"<p>Kulinarisches Lassen Sie sich in unserem \u00c1 la carte Restaurant mit unseren K\u00f6stlichkeiten verw\u00f6hnen und genie\u00dfen Sie in heimeliger Atmosph\u00e4re unsere famili\u00e4re Gastfreundlichkeit. Die Qualit\u00e4t der Lebensmittel hat f\u00fcr uns [&hellip;]<\/p>\n","protected":false},"author":2,"featured_media":0,"parent":0,"menu_order":0,"comment_status":"closed","ping_status":"closed","template":"","meta":{"_et_pb_use_builder":"on","_et_pb_old_content":"","_et_gb_content_width":"","footnotes":""},"class_list":["post-49","page","type-page","status-publish","hentry"],"aioseo_notices":[],"_links":{"self":[{"href":"https:\/\/www.lachtalhaus.eu\/index.php\/wp-json\/wp\/v2\/pages\/49","targetHints":{"allow":["GET"]}}],"collection":[{"href":"https:\/\/www.lachtalhaus.eu\/index.php\/wp-json\/wp\/v2\/pages"}],"about":[{"href":"https:\/\/www.lachtalhaus.eu\/index.php\/wp-json\/wp\/v2\/types\/page"}],"author":[{"embeddable":true,"href":"https:\/\/www.lachtalhaus.eu\/index.php\/wp-json\/wp\/v2\/users\/2"}],"replies":[{"embeddable":true,"href":"https:\/\/www.lachtalhaus.eu\/index.php\/wp-json\/wp\/v2\/comments?post=49"}],"version-history":[{"count":0,"href":"https:\/\/www.lachtalhaus.eu\/index.php\/wp-json\/wp\/v2\/pages\/49\/revisions"}],"wp:attachment":[{"href":"https:\/\/www.lachtalhaus.eu\/index.php\/wp-json\/wp\/v2\/media?parent=49"}],"curies":[{"name":"wp","href":"https:\/\/api.w.org\/{rel}","templated":true}]}}