{"id":514,"date":"2017-11-08T13:59:13","date_gmt":"2017-11-08T13:59:13","guid":{"rendered":"https:\/\/www.lachtalhaus.eu\/?page_id=514"},"modified":"2017-11-16T15:45:47","modified_gmt":"2017-11-16T15:45:47","slug":"lachtal-im-winter","status":"publish","type":"page","link":"https:\/\/www.lachtalhaus.eu\/index.php\/lachtal-im-winter\/","title":{"rendered":"Lachtal im Winter"},"content":{"rendered":"<p>[et_pb_section bb_built=&#8220;1&#8243; _builder_version=&#8220;3.0.86&#8243; custom_padding=&#8220;50px||20px|&#8220; module_class=&#8220;section-with-header&#8220;][et_pb_row _builder_version=&#8220;3.0.86&#8243; custom_padding=&#8220;0px||5px|&#8220;][et_pb_column type=&#8220;4_4&#8243;][et_pb_text admin_label=&#8220;\u00dcberschrift %22Lachtal im Winter%22&#8243; _builder_version=&#8220;3.0.86&#8243; background_layout=&#8220;light&#8220; header_font=&#8220;Mukta|||on|||||&#8220; header_text_align=&#8220;center&#8220; header_text_color=&#8220;#c1271b&#8220; header_letter_spacing=&#8220;1px&#8220; saved_tabs=&#8220;all&#8220; header_line_height=&#8220;1.2em&#8220; custom_padding=&#8220;||30px|&#8220;]<\/p>\n<h1 style=\"text-align: center;\">Lachtal im Winter<\/h1>\n<p>[\/et_pb_text][\/et_pb_column][\/et_pb_row][et_pb_row _builder_version=&#8220;3.0.86&#8243; custom_padding=&#8220;5px|||&#8220;][et_pb_column type=&#8220;1_2&#8243;][et_pb_image _builder_version=&#8220;3.0.86&#8243; src=&#8220;https:\/\/www.lachtalhaus.eu\/wp-content\/uploads\/2017\/11\/lachtal01.jpg&#8220; show_in_lightbox=&#8220;off&#8220; url_new_window=&#8220;off&#8220; use_overlay=&#8220;off&#8220; always_center_on_mobile=&#8220;on&#8220; force_fullwidth=&#8220;off&#8220; show_bottom_space=&#8220;on&#8220; \/][et_pb_text _builder_version=&#8220;3.0.86&#8243; background_layout=&#8220;light&#8220; text_font=&#8220;Mukta||||||||&#8220; text_font_size=&#8220;16px&#8220; text_line_height=&#8220;2em&#8220;]<\/p>\n<p><strong>Skischule, Ski- und Tourenskiverleih:<\/strong> Siehe <a href=\"http:\/\/www.lachtal.at\/services\/skiverleih-service.html\" target=\"_blank\" rel=\"noopener\">www.lachtal.at<\/a><\/p>\n<ul>\n<li>5 km Langlaufloipe<\/li>\n<li>Rodelbahn<\/li>\n<li>Eislaufplatz<\/li>\n<li>urige Skih\u00fctten<\/li>\n<li>Winterwanderwege<\/li>\n<li>uvm.<\/li>\n<\/ul>\n<p>Die breiten Pisten, unendlichen Schneefelder, sonnigen Abfahrten, schneesicheren s\u00fcdlichen Abh\u00e4nge und die typischen H\u00fctten machen den Winterurlaub unvergesslich. <strong>Das Lachtal ist der ideale Ort f\u00fcr Familien, Gruppen, Anf\u00e4nger und Fortgeschrittene!<\/strong><\/p>\n<p>[\/et_pb_text][\/et_pb_column][et_pb_column type=&#8220;1_2&#8243;][et_pb_text _builder_version=&#8220;3.0.86&#8243; background_layout=&#8220;light&#8220; text_font=&#8220;Mukta||||||||&#8220; text_font_size=&#8220;16px&#8220; text_line_height=&#8220;2em&#8220; header_2_font=&#8220;Mukta||||||||&#8220; header_2_font_size=&#8220;16px&#8220; header_2_text_color=&#8220;#e02b20&#8243;]<\/p>\n<p>Das Lachtal ist das Familienskiparadies f\u00fcr Jung und Alt und eines der sch\u00f6nsten der Steiermark. Weit weg Hektik, Stress und Massentourismus k\u00f6nnen Sie einen entspannten Tag auf der Piste verbringen:<\/p>\n<ul>\n<li>150 ha Pistenfl\u00e4che<\/li>\n<li>41 km Pistenabfahrten<\/li>\n<li>9 Lifte<\/li>\n<li>2 moderne 6er-Sesselbahnen mit Wetterschutzhauben<\/li>\n<li>windgesch\u00fctzte Pisten bis ins Zentrum<\/li>\n<li>ber\u00fchrungsloses Zutrittssystem<\/li>\n<li>neueste Beschneiungsanlagen f\u00fcr Ihre Schneesicherheit<\/li>\n<\/ul>\n<p>Das Kinder-Lachtal ist der Bereich f\u00fcr die Kleinsten, gesch\u00fctzt und sicher. Mit Zauberteppich zum Hochschweben und mit Seillift f\u00fcr die Anf\u00e4nger. Dazu der Mini-Slalom (Figurenparcours), die Wellenbahn und vieles mehr. Kinder bis 6 Jahre fahren in Begleitung der Eltern am Lachtal gratis!<\/p>\n<p>[\/et_pb_text][et_pb_image admin_label=&#8220;Bild &#8211; Karte&#8220; _builder_version=&#8220;3.0.86&#8243; src=&#8220;https:\/\/www.lachtalhaus.eu\/wp-content\/uploads\/2017\/11\/lachtal02.jpg&#8220; show_in_lightbox=&#8220;on&#8220; url_new_window=&#8220;off&#8220; use_overlay=&#8220;off&#8220; always_center_on_mobile=&#8220;on&#8220; force_fullwidth=&#8220;off&#8220; show_bottom_space=&#8220;on&#8220; \/][\/et_pb_column][\/et_pb_row][\/et_pb_section]<\/p>\n","protected":false},"excerpt":{"rendered":"<p>Lachtal im Winter Skischule, Ski- und Tourenskiverleih: Siehe www.lachtal.at 5 km Langlaufloipe Rodelbahn Eislaufplatz urige Skih\u00fctten Winterwanderwege uvm. Die breiten Pisten, unendlichen Schneefelder, sonnigen Abfahrten, schneesicheren s\u00fcdlichen Abh\u00e4nge und die [&hellip;]<\/p>\n","protected":false},"author":2,"featured_media":0,"parent":0,"menu_order":0,"comment_status":"closed","ping_status":"closed","template":"","meta":{"_et_pb_use_builder":"on","_et_pb_old_content":"","_et_gb_content_width":"","footnotes":""},"class_list":["post-514","page","type-page","status-publish","hentry"],"aioseo_notices":[],"_links":{"self":[{"href":"https:\/\/www.lachtalhaus.eu\/index.php\/wp-json\/wp\/v2\/pages\/514","targetHints":{"allow":["GET"]}}],"collection":[{"href":"https:\/\/www.lachtalhaus.eu\/index.php\/wp-json\/wp\/v2\/pages"}],"about":[{"href":"https:\/\/www.lachtalhaus.eu\/index.php\/wp-json\/wp\/v2\/types\/page"}],"author":[{"embeddable":true,"href":"https:\/\/www.lachtalhaus.eu\/index.php\/wp-json\/wp\/v2\/users\/2"}],"replies":[{"embeddable":true,"href":"https:\/\/www.lachtalhaus.eu\/index.php\/wp-json\/wp\/v2\/comments?post=514"}],"version-history":[{"count":0,"href":"https:\/\/www.lachtalhaus.eu\/index.php\/wp-json\/wp\/v2\/pages\/514\/revisions"}],"wp:attachment":[{"href":"https:\/\/www.lachtalhaus.eu\/index.php\/wp-json\/wp\/v2\/media?parent=514"}],"curies":[{"name":"wp","href":"https:\/\/api.w.org\/{rel}","templated":true}]}}