{"id":527,"date":"2017-11-08T14:17:42","date_gmt":"2017-11-08T14:17:42","guid":{"rendered":"https:\/\/www.lachtalhaus.eu\/?page_id=527"},"modified":"2017-12-05T14:11:44","modified_gmt":"2017-12-05T14:11:44","slug":"ausflugsziele","status":"publish","type":"page","link":"https:\/\/www.lachtalhaus.eu\/index.php\/ausflugsziele\/","title":{"rendered":"Ausflugsziele"},"content":{"rendered":"<p>[et_pb_section bb_built=&#8220;1&#8243; _builder_version=&#8220;3.0.86&#8243; custom_padding=&#8220;50px||20px|&#8220; module_class=&#8220;section-with-header&#8220;][et_pb_row _builder_version=&#8220;3.0.86&#8243; custom_padding=&#8220;0px||40px|&#8220;][et_pb_column type=&#8220;4_4&#8243;][et_pb_text admin_label=&#8220;\u00dcberschrift %22Ausflugsziele%22&#8243; _builder_version=&#8220;3.0.90&#8243; background_layout=&#8220;light&#8220; header_font=&#8220;Mukta|||on|||||&#8220; header_text_align=&#8220;center&#8220; header_text_color=&#8220;#c1271b&#8220; header_letter_spacing=&#8220;1px&#8220; saved_tabs=&#8220;all&#8220; header_line_height=&#8220;1.2em&#8220;]<\/p>\n<h1 style=\"text-align: center;\">Ausflugsziele<\/h1>\n<p>[\/et_pb_text][et_pb_text _builder_version=&#8220;3.0.90&#8243; background_layout=&#8220;light&#8220; text_font_size=&#8220;16px&#8220; text_line_height=&#8220;2em&#8220;]<\/p>\n<p style=\"text-align: left;\">Sie m\u00f6chten etwas ganz besonderes Rund ums Lachtal erleben? Dann st\u00f6bern Sie in unseren Top-Ausflugszielen in der Region. Es ist sicherlich auch f\u00fcr Sie das passende Ziel dabei, um damit Ihren Urlaub zu einem besonderen Erlebnis in der Steiermark werden zu lassen.<\/p>\n<p style=\"text-align: left;\">Mit der Murtal G\u00e4steCard gibt es f\u00fcr Sie viele Verg\u00fcnstigungen in der Region. Lesen Sie <a href=\"https:\/\/www.murtalcard.at\/\" target=\"_blank\" rel=\"noopener\">hier<\/a> mehr dazu.<\/p>\n<p>[\/et_pb_text][\/et_pb_column][\/et_pb_row][et_pb_row _builder_version=&#8220;3.0.86&#8243; custom_padding=&#8220;5px|||&#8220; make_equal=&#8220;on&#8220;][et_pb_column type=&#8220;1_2&#8243;][et_pb_image admin_label=&#8220;Bild &#8211; Therme Aqualux&#8220; _builder_version=&#8220;3.0.86&#8243; src=&#8220;https:\/\/www.lachtalhaus.eu\/wp-content\/uploads\/2017\/11\/ausflug01.jpg&#8220; show_in_lightbox=&#8220;off&#8220; url_new_window=&#8220;off&#8220; use_overlay=&#8220;off&#8220; always_center_on_mobile=&#8220;on&#8220; force_fullwidth=&#8220;off&#8220; show_bottom_space=&#8220;on&#8220; \/][\/et_pb_column][et_pb_column type=&#8220;1_2&#8243;][et_pb_text admin_label=&#8220;Text &#8211; Therme Aqualux&#8220; _builder_version=&#8220;3.0.90&#8243; background_layout=&#8220;light&#8220; text_font=&#8220;Mukta||||||||&#8220; text_font_size=&#8220;16px&#8220; text_line_height=&#8220;2em&#8220; header_2_font=&#8220;Mukta||||||||&#8220; header_2_font_size=&#8220;22px&#8220; header_2_text_color=&#8220;#c1271b&#8220; header_2_letter_spacing=&#8220;1px&#8220; header_2_line_height=&#8220;1.5em&#8220;]<\/p>\n<h2>Therme Aqualux<\/h2>\n<p>Erfrischend anders! Die Therme Aqualux \u00fcberzeugt mit tollen Angeboten f\u00fcr die ganze Familie &#8211; rund um Spa\u00df und Action, Wellness, Entspannung und innere Balance. <a href=\"http:\/\/www.therme-aqualux.at\" target=\"_blank\" rel=\"noopener\">Zur Webseite<\/a><\/p>\n<p>[\/et_pb_text][\/et_pb_column][\/et_pb_row][et_pb_row _builder_version=&#8220;3.0.86&#8243; make_equal=&#8220;on&#8220;][et_pb_column type=&#8220;1_2&#8243;][et_pb_text admin_label=&#8220;Text &#8211; Planetarium Judenburg&#8220; _builder_version=&#8220;3.0.90&#8243; background_layout=&#8220;light&#8220; text_font=&#8220;Mukta||||||||&#8220; text_font_size=&#8220;16px&#8220; text_line_height=&#8220;2em&#8220; header_2_font=&#8220;Mukta||||||||&#8220; header_2_font_size=&#8220;22px&#8220; header_2_text_color=&#8220;#c1271b&#8220; header_2_letter_spacing=&#8220;1px&#8220; header_2_line_height=&#8220;1.5em&#8220;]<\/p>\n<h2><strong>Planetarium Judenburg<br \/>\n<\/strong><\/h2>\n<p>2006 hat Judenburg in \u00d6sterreichs h\u00f6chstem Stadtturm das modernste Planetarium \u00d6sterreichs er\u00f6ffnet. Es ist das h\u00f6chstgelegene Planetarium der Welt, ebenso eines der modernsten &#8211; und mit Sicherheit das absolut ungew\u00f6hnlichste. <a href=\"http:\/\/www.sternenturm.at\" target=\"_blank\" rel=\"noopener\">Zur Webseite<\/a><\/p>\n<p>[\/et_pb_text][\/et_pb_column][et_pb_column type=&#8220;1_2&#8243;][et_pb_image admin_label=&#8220;Bild &#8211; Planetarium Judenburg&#8220; _builder_version=&#8220;3.0.86&#8243; src=&#8220;https:\/\/www.lachtalhaus.eu\/wp-content\/uploads\/2017\/11\/ausflug02.jpg&#8220; show_in_lightbox=&#8220;on&#8220; url_new_window=&#8220;off&#8220; use_overlay=&#8220;off&#8220; always_center_on_mobile=&#8220;on&#8220; force_fullwidth=&#8220;off&#8220; show_bottom_space=&#8220;on&#8220; \/][\/et_pb_column][\/et_pb_row][et_pb_row _builder_version=&#8220;3.0.86&#8243; custom_padding=&#8220;5px|||&#8220; make_equal=&#8220;on&#8220;][et_pb_column type=&#8220;1_2&#8243;][et_pb_image admin_label=&#8220;Bild &#8211; Red Bull Ring&#8220; _builder_version=&#8220;3.0.86&#8243; src=&#8220;https:\/\/www.lachtalhaus.eu\/wp-content\/uploads\/2017\/11\/ausflug03.jpg&#8220; show_in_lightbox=&#8220;off&#8220; url_new_window=&#8220;off&#8220; use_overlay=&#8220;off&#8220; always_center_on_mobile=&#8220;on&#8220; force_fullwidth=&#8220;off&#8220; show_bottom_space=&#8220;on&#8220; \/][\/et_pb_column][et_pb_column type=&#8220;1_2&#8243;][et_pb_text admin_label=&#8220;Text &#8211; Red Bull Ring&#8220; _builder_version=&#8220;3.0.90&#8243; background_layout=&#8220;light&#8220; text_font=&#8220;Mukta||||||||&#8220; text_font_size=&#8220;16px&#8220; text_line_height=&#8220;2em&#8220; header_2_font=&#8220;Mukta||||||||&#8220; header_2_font_size=&#8220;22px&#8220; header_2_text_color=&#8220;#c1271b&#8220; header_2_letter_spacing=&#8220;1px&#8220; header_2_line_height=&#8220;1.5em&#8220;]<\/p>\n<h2>Red Bull Ring Spielberg<\/h2>\n<p>Der neue Red Bull Ring machts m\u00f6glich. Rund um die Rennstrecke ist mit dem Red Bull Ring Motorsportpark eines der modernsten Motorsportzentren Europas entstanden. W\u00e4hlen Sie verschiedenste Sportwagen und Motorr\u00e4der aus dem Fuhrpark aus und lassen Sie sich und Ihre Freunde von prominenten Driving-Coaches und erfahrenen Instruktoren in die Geheimnisse der Fahrzeugbeherrschung einf\u00fchren. Lernen Sie hautnah die wahre Bedeutung von Speed, Dynamik, Innovation und Performance kennen. <a href=\"http:\/\/www.projekt-spielberg.at\/\" target=\"_blank\" rel=\"noopener\">Zur Webseite<\/a><\/p>\n<p>[\/et_pb_text][\/et_pb_column][\/et_pb_row][\/et_pb_section]<\/p>\n","protected":false},"excerpt":{"rendered":"<p>Ausflugsziele Sie m\u00f6chten etwas ganz besonderes Rund ums Lachtal erleben? Dann st\u00f6bern Sie in unseren Top-Ausflugszielen in der Region. Es ist sicherlich auch f\u00fcr Sie das passende Ziel dabei, um [&hellip;]<\/p>\n","protected":false},"author":2,"featured_media":0,"parent":0,"menu_order":0,"comment_status":"closed","ping_status":"closed","template":"","meta":{"_et_pb_use_builder":"on","_et_pb_old_content":"","_et_gb_content_width":"","footnotes":""},"class_list":["post-527","page","type-page","status-publish","hentry"],"aioseo_notices":[],"_links":{"self":[{"href":"https:\/\/www.lachtalhaus.eu\/index.php\/wp-json\/wp\/v2\/pages\/527","targetHints":{"allow":["GET"]}}],"collection":[{"href":"https:\/\/www.lachtalhaus.eu\/index.php\/wp-json\/wp\/v2\/pages"}],"about":[{"href":"https:\/\/www.lachtalhaus.eu\/index.php\/wp-json\/wp\/v2\/types\/page"}],"author":[{"embeddable":true,"href":"https:\/\/www.lachtalhaus.eu\/index.php\/wp-json\/wp\/v2\/users\/2"}],"replies":[{"embeddable":true,"href":"https:\/\/www.lachtalhaus.eu\/index.php\/wp-json\/wp\/v2\/comments?post=527"}],"version-history":[{"count":0,"href":"https:\/\/www.lachtalhaus.eu\/index.php\/wp-json\/wp\/v2\/pages\/527\/revisions"}],"wp:attachment":[{"href":"https:\/\/www.lachtalhaus.eu\/index.php\/wp-json\/wp\/v2\/media?parent=527"}],"curies":[{"name":"wp","href":"https:\/\/api.w.org\/{rel}","templated":true}]}}