{"id":576,"date":"2017-11-08T16:06:09","date_gmt":"2017-11-08T16:06:09","guid":{"rendered":"https:\/\/www.lachtalhaus.eu\/?page_id=576"},"modified":"2023-12-11T14:43:14","modified_gmt":"2023-12-11T14:43:14","slug":"impressum","status":"publish","type":"page","link":"https:\/\/www.lachtalhaus.eu\/index.php\/impressum\/","title":{"rendered":"Impressum"},"content":{"rendered":"<p>[et_pb_section fb_built=&#8220;1&#8243; _builder_version=&#8220;4.16&#8243; custom_padding=&#8220;50px||20px|&#8220; global_colors_info=&#8220;{}&#8220;][et_pb_row _builder_version=&#8220;4.16&#8243; custom_padding=&#8220;0px|||&#8220; global_colors_info=&#8220;{}&#8220;][et_pb_column type=&#8220;4_4&#8243; _builder_version=&#8220;4.16&#8243; custom_padding=&#8220;|||&#8220; global_colors_info=&#8220;{}&#8220; custom_padding__hover=&#8220;|||&#8220;][et_pb_text admin_label=&#8220;\u00dcberschrift %22Impressum%22&#8243; _builder_version=&#8220;4.16&#8243; header_font=&#8220;Mukta||||||||&#8220; header_text_color=&#8220;#c1271b&#8220; global_colors_info=&#8220;{}&#8220;]<\/p>\n<h1 style=\"text-align: center;\">Impressum<\/h1>\n<p>[\/et_pb_text][et_pb_text admin_label=&#8220;Text &#8211; Anschrift&#8220; _builder_version=&#8220;4.16&#8243; text_font=&#8220;Mukta|300|||||||&#8220; text_font_size=&#8220;16px&#8220; text_line_height=&#8220;1.5em&#8220; header_2_text_color=&#8220;#c1271b&#8220; header_2_font_size=&#8220;22px&#8220; header_2_letter_spacing=&#8220;1px&#8220; header_2_line_height=&#8220;1.5em&#8220; global_colors_info=&#8220;{}&#8220;]<\/p>\n<div class=\"article-description\">\n<h2>BALIANY\u2019S HOTEL GMBH<\/h2>\n<p>Hotel:<br \/>Lachtal 400<br \/>8831 Sch\u00f6nberg<br \/>Steiermark, Austria<\/p>\n<p>Tel.: <a href=\"tel: + 43 676 919 49 66\">+ 43 676 919 49 66<\/a><br \/>E-mail: <a href=\"mailto:info@lachtalhaus.eu\">info@lachtalhaus.eu<\/a><\/p>\n<p>Bankverbindung:<br \/>RAIBA<br \/>IBAN: AT14 3834 6000 0943 7047<br \/>BIC: RZSTAT2G346<br \/>BLZ: 38346<\/p>\n<\/div>\n<p>[\/et_pb_text][et_pb_text admin_label=&#8220;Text &#8211; Bildrechte usw.&#8220; _builder_version=&#8220;4.16&#8243; global_colors_info=&#8220;{}&#8220;]<\/p>\n<p>Vertretungsberechtigte Person: Balogh-Doczi Diana, Balogh Akos<br \/>Sitz des Unternehmens: Lachtal 400 | 8831 Sch\u00f6nberg<br \/>ATU 74891637<br \/>Gerichtsstand: Judenburg<\/p>\n<p>Haftungsausschluss: Der Autor \u00fcbernimmt keinerlei Gew\u00e4hr hinsichtlich der inhaltlichen Richtigkeit, Genauigkeit, Aktualit\u00e4t, Zuverl\u00e4ssigkeit und Vollst\u00e4ndigkeit der Informationen. Haftungsanspr\u00fcche gegen den Autor wegen Sch\u00e4den materieller oder immaterieller Art, welche aus dem Zugriff oder der Nutzung bzw. Nichtnutzung der ver\u00f6ffentlichten Informationen, durch Missbrauch der Verbindung oder durch technische St\u00f6rungen entstanden sind, werden ausgeschlossen. Alle Angebote sind unverbindlich. Der Autor beh\u00e4lt es sich ausdr\u00fccklich vor, Teile der Seiten oder das gesamte Angebot ohne gesonderte Ank\u00fcndigung zu ver\u00e4ndern, zu erg\u00e4nzen, zu l\u00f6schen oder die Ver\u00f6ffentlichung zeitweise oder endg\u00fcltig einzustellen.<\/p>\n<p>Haftung f\u00fcr Links: Verweise und Links auf Webseiten Dritter liegen ausserhalb unseres Verantwortungsbereichs. Es wird jegliche Verantwortung f\u00fcr solche Webseiten abgelehnt. Der Zugriff und die Nutzung solcher Webseiten erfolgen auf eigene Gefahr des Nutzers oder der Nutzerin.<\/p>\n<p>Urheberrechte: Die Urheber- und alle anderen Rechte an Inhalten, Bildern, Fotos oder anderen Dateien auf der Website geh\u00f6ren ausschliesslich der Firma <strong>BALIANY\u2019S Hotel GmbH<\/strong> oder den speziell genannten Rechtsinhabern. F\u00fcr die Reproduktion jeglicher Elemente ist die schriftliche Zustimmung der Urheberrechtstr\u00e4ger im Voraus einzuholen.<\/p>\n<p>Bildrechte: Lachtalhaus GesmbH, <a href=\"http:\/\/www.mediadome.at\">Mediadome Werbeagentur<\/a><\/p>\n<p>[\/et_pb_text][\/et_pb_column][\/et_pb_row][\/et_pb_section]<\/p>\n","protected":false},"excerpt":{"rendered":"<p>Impressum BALIANY\u2019S HOTEL GMBHHotel:Lachtal 4008831 Sch\u00f6nbergSteiermark, AustriaTel.: + 43 676 919 49 66E-mail: info@lachtalhaus.euBankverbindung:RAIBAIBAN: AT14 3834 6000 0943 7047BIC: RZSTAT2G346BLZ: 38346 Vertretungsberechtigte Person: Balogh-Doczi Diana, Balogh AkosSitz des Unternehmens: Lachtal [&hellip;]<\/p>\n","protected":false},"author":2,"featured_media":0,"parent":0,"menu_order":0,"comment_status":"closed","ping_status":"closed","template":"","meta":{"_et_pb_use_builder":"on","_et_pb_old_content":"","_et_gb_content_width":"","footnotes":""},"class_list":["post-576","page","type-page","status-publish","hentry"],"aioseo_notices":[],"_links":{"self":[{"href":"https:\/\/www.lachtalhaus.eu\/index.php\/wp-json\/wp\/v2\/pages\/576","targetHints":{"allow":["GET"]}}],"collection":[{"href":"https:\/\/www.lachtalhaus.eu\/index.php\/wp-json\/wp\/v2\/pages"}],"about":[{"href":"https:\/\/www.lachtalhaus.eu\/index.php\/wp-json\/wp\/v2\/types\/page"}],"author":[{"embeddable":true,"href":"https:\/\/www.lachtalhaus.eu\/index.php\/wp-json\/wp\/v2\/users\/2"}],"replies":[{"embeddable":true,"href":"https:\/\/www.lachtalhaus.eu\/index.php\/wp-json\/wp\/v2\/comments?post=576"}],"version-history":[{"count":0,"href":"https:\/\/www.lachtalhaus.eu\/index.php\/wp-json\/wp\/v2\/pages\/576\/revisions"}],"wp:attachment":[{"href":"https:\/\/www.lachtalhaus.eu\/index.php\/wp-json\/wp\/v2\/media?parent=576"}],"curies":[{"name":"wp","href":"https:\/\/api.w.org\/{rel}","templated":true}]}}